{"id":1610,"date":"2023-11-08T12:07:49","date_gmt":"2023-11-08T11:07:49","guid":{"rendered":"https:\/\/santidiving.com\/?page_id=1610"},"modified":"2025-05-26T13:36:59","modified_gmt":"2025-05-26T11:36:59","slug":"polityka-prywatnosci","status":"publish","type":"page","link":"https:\/\/santidiving.com\/pl\/polityka-prywatnosci\/","title":{"rendered":"Polityka prywatno\u015bci"},"content":{"rendered":"\r\n<h2 class=\"wp-block-heading\">Polityka prywatno\u015bci sklepu <em>SantiDiving Afterdive Store<\/em><\/h2>\r\n<p>Niniejsza Polityka prywatno\u015bci ma zastosowanie w Santi Sp. z oo, Gdynia, Tadeusza Wendy, ulica 7\/9, 81-341 Gdynia, Polska i opisuje, w jaki spos\u00f3b firma gromadzi, wykorzystuje, ujawnia i chroni dane osobowe dostarczone przez naszych klient\u00f3w. Szanuj\u0105c prywatno\u015b\u0107 klient\u00f3w, Santi nigdy nie sprzedaje, nie wymienia i nie u\u017cycza danych osobowych osobom trzecim. \u201eDane osobowe\u201d to informacje indywidualne o poszczeg\u00f3lnych osobach, zgodnie z ich definicj\u0105 w obowi\u0105zuj\u0105cych przepisach o ochronie prywatno\u015bci. Zbieramy, wykorzystujemy i ujawniamy dane osobowe za zgod\u0105 klient\u00f3w, zgodnie z wymogami i przepisami prawa, w szczeg\u00f3lno\u015bci zgodnie z ustaw\u0105 o Ochronie danych osobowych. Zgoda na gromadzenie, wykorzystywanie i ujawnianie danych osobowych przez Santi mo\u017ce wynika\u0107 z faktu, \u017ce klient nawi\u0105za\u0142 kontakt z nami lub zakupi\u0142 towar lub us\u0142ugi i dobrowolnie poda\u0142 nam swoje dane osobowe. Je\u015bli Klient zdecyduje si\u0119 poda\u0107 swoje dane osobowe firmie Santi przyjmujemy, \u017ce tym samym wyra\u017ca zgod\u0119 na ich gromadzenie, wykorzystywanie i ujawnianie swych danych osobowych opisanych w niniejszej polityce. Klient ma prawo nie wyrazi\u0107 zgody na gromadzenie, wykorzystywanie i ujawnianie swych danych osobowych. Nale\u017cy pami\u0119ta\u0107, \u017ce w przypadku nie dostarczenia nam informacji klient nie b\u0119dzie m\u00f3g\u0142 korzysta\u0107 z niekt\u00f3rych funkcjonalno\u015bci i us\u0142ug a komunikacja pomi\u0119dzy klientem a firm\u0105 mo\u017ce by\u0107 utrudniona. Dane osobowe gromadzone s\u0105 na podstawie informacji przekazywanych bezpo\u015brednio przez klienta lub poprzez nawi\u0105zanie kontaktu z nasz\u0105 firm\u0105. SANTI mo\u017ce poprosi\u0107 o podanie informacji osobistych, w tym: imi\u0119 i nazwisko, adres, numer telefonu, adres e-mail, informacje na temat produkt\u00f3w zakupionych od nas, opinii i preferencji w odniesieniu do uczestnictwa w wydarzeniach, program\u00f3w lub us\u0142ug oferowanych przez Santi. Dane osobowe zbierane s\u0105 tak\u017ce poprzez wype\u0142nianie formularzy Santi. Autoryzowani przedstawiciele Santi, nasi agenci i dostawcy us\u0142ug mog\u0105 mie\u0107 dost\u0119p do danych osobowych klienta. Przetwarzamy i wykorzystujemy dane osobowe, aby zapewni\u0107 Klientom produkty lub us\u0142ugi, umo\u017cliwi\u0107 rejestracj\u0119 zakupionych produkt\u00f3w i zarz\u0105dza\u0107 nasz\u0105 relacj\u0105 z klientami, udoskonala\u0107 nasz\u0105 stron\u0119 internetow\u0105 i praktyki marketingowe. Mo\u017cemy wykorzystywa\u0107 dane osobowe klient\u00f3w aby by\u0107 z nimi w kontakcie dotycz\u0105cym produkt\u00f3w, us\u0142ug oraz informacji udost\u0119pnianych na \u017cyczenie klienta. Dane wykorzystywane s\u0105 do zarz\u0105dzania bazami danych, wysy\u0142ania kwestionariuszy, e-maili lub innych wiadomo\u015bci na temat produkt\u00f3w Santi, wydarze\u0144 i ofert, zaprosze\u0144. Je\u017celi Klient nie \u017cyczy sobie otrzymywania informacji os Santi, nale\u017cy powiadomi\u0107 o tym dzia\u0142 marketingu firmy Santi, zwracaj\u0105c si\u0119 z pro\u015bb\u0105 o usuni\u0119cie danych osobowych z kana\u0142\u00f3w komunikacyjnych, Mo\u017cemy ujawni\u0107 dane osobowe, kt\u00f3re zbieramy od Klient\u00f3w w pewnych okoliczno\u015bciach, w tym: Je\u017celi klient poprosi nas osobi\u015bcie o ujawnienie jego danych osobowych stronie trzeciej Je\u017celi mamy prawo wnioskowa\u0107, \u017ce strona zwracaj\u0105ca si\u0119 o ujawnienie danych osobowych jest przedstawicielem klienta W przypadkach okre\u015blonych w przepisach prawa. Zbieramy dane osobowe podczas korzystania z naszej strony internetowej, formularz kontaktowy lub system zamawiania. Za ka\u017cdym razem, kiedy klient odwiedza stron\u0119, nasz serwer mo\u017ce rejestrowa\u0107 dane us\u0142ugodawcy Internetu, przegl\u0105darki, dat\u0119 i czas wizyty, odwiedzane strony oraz pobrane dokumenty. Mo\u017ce tak\u017ce rejestrowa\u0107 proces wyszukiwania danych i URL, z kt\u00f3rego klient si\u0119 zalogowa\u0142. U\u017cywamy tych og\u00f3lnodost\u0119pnych informacji aby zoptymalizowa\u0107 korzystanie z naszego serwisu. Nasza strona internetowa mo\u017ce r\u00f3wnie\u017c wykorzystywa\u0107 \u201ecookies\u201d, lub podobn\u0105 technologi\u0119, kt\u00f3ra zapewnia dodatkow\u0105 funkcjonalno\u015b\u0107 na naszej stronie internetowej i pomaga nam analizowa\u0107 spos\u00f3b wykorzystywania naszej strony. Cookies pozwalaj\u0105 na indywidualne korzystanie z naszej strony i zapami\u0119tuj\u0105 histori\u0119 u\u017cytkowania. Nasz serwer mo\u017ce automatycznie rozpoznawa\u0107 zarejestrowan\u0105 nazw\u0119 u\u017cytkownika domeny i adres e-mail lub rozpozna\u0107 Klienta jako ponownego go\u015bcia na naszej stronie. Mo\u017cesz ustawi\u0107 swoj\u0105 przegl\u0105dark\u0119 tak, aby wy\u0142\u0105czy\u0107 cookies, ale po ich wy\u0142\u0105czeniu pewne funkcjonalno\u015bci naszej strony mog\u0105 nieprawid\u0142owo funkcjonowa\u0107. Wdro\u017cyli\u015bmy wszystkie niezb\u0119dne \u015brodki bezpiecze\u0144stwa w celu zabezpieczenia danych osobowych b\u0119d\u0105cych w naszym posiadaniu. Obejmuj\u0105 one ochron\u0119 przed utrat\u0105 lub kradzie\u017c\u0105, jak i nieuprawnionym dost\u0119pem, ujawnieniem, kopiowaniem, u\u017cytkowaniem lub zmian\u0105 danych osobowych. Mo\u017cemy przekazywa\u0107 dane osobowe us\u0142ugodawcom, kt\u00f3rzy \u015bwiadcz\u0105 us\u0142ugi informatyczne oraz zarz\u0105dzaj\u0105 informacjami w firmie Santi. Wszyscy tacy us\u0142ugodawcy s\u0105 przez nas sprawdzeni pod k\u0105tem zachowania poufno\u015bci danych oraz rzetelno\u015bci \u015bwiadczonych dla Santi us\u0142ug. SANTI przechowuje dane osobowe do cel\u00f3w okre\u015blonych w niniejszej Polityce Prywatno\u015bci. Je\u015bli Klient\u00a0chce zmieni\u0107 lub usun\u0105\u0107 swoje dane osobowe b\u0119d\u0105ce w posiadaniu Santi, Klient mo\u017ce u\u017cy\u0107 loginu i has\u0142a aby samodzielnie zmieni\u0107 dane w systemie, lub skontaktowa\u0107 si\u0119 z dzia\u0142em marketingu firmy Santi aby zmieni\u0107 lub usun\u0105\u0107 dane z rejestru Santi. Je\u015bli Klient zdecyduje si\u0119 wycofa\u0107 swoje dane osobowe z bazy danych, SANTI mo\u017ce zachowa\u0107 dane osobowe niezb\u0119dne do prowadzenia dokumentacji w zwi\u0105zku z dotychczasow\u0105 aktywno\u015bci\u0105 klienta, jak r\u00f3wnie\u017c do wszystkich dokument\u00f3w rejestracyjnych dotycz\u0105cych produkt\u00f3w oraz gwarancji. Prosimy o upewnienie si\u0119, \u017ce przekazane nam dane osobowe s\u0105 zawsze dok\u0142adne i aktualne. Prosimy o poinformowanie nas o wszelkich zmianach danych osobowych, tak szybko jak to mo\u017cliwe. W razie pyta\u0144 lub uwag dotycz\u0105cych naszych osobistych praktyk informacyjnych, prosimy o kontakt z Dzia\u0142em Marketingu w Santi. SANTI zastrzega sobie prawo do zmiany Polityki Prywatno\u015bci w dowolnym czasie poprzez opublikowanie nowej wersji na tej stronie. W ramach naszej witryny stosujemy pliki cookies. Korzystanie z witryny bez zmiany ustawie\u0144 dotycz\u0105cych cookies oznacza, \u017ce b\u0119d\u0105 one zamieszczane w Pa\u0144stwa urz\u0105dzeniu ko\u0144cowym. Mo\u017cecie Pa\u0144stwo dokona\u0107 w ka\u017cdym czasie zmiany ustawie\u0144 dotycz\u0105cych cookies. Strona gromadzi informacje zawarte w logach systemowych (data i czas po\u0142\u0105czenia, adres IP oraz inne). Dane te wykorzystywane s\u0105 w celach technicznych, statystycznych oraz marketingowych. Cookies to niewielkie pliki tekstowe, kt\u00f3re serwer WWW zapisuje po stronie u\u017cytkownika. U\u017cywamy cookies do zapami\u0119tywania informacji o u\u017cytkowniku, tworzenia spersonalizowanych tre\u015bci oraz obs\u0142ugi logowania. Za pomoc\u0105 plik\u00f3w cookies nie s\u0105 przetwarzane lub przechowywane dane osobowe. Zawarto\u015b\u0107 plik\u00f3w cookies nie pozwala na identyfikacj\u0119 u\u017cytkownika. U\u017cywany Cookies do zapisania danych o ostatnio ogl\u0105danych produktach, oddanych g\u0142osach w ankietach.<\/p>\r\n","protected":false},"excerpt":{"rendered":"<p>Polityka prywatno\u015bci sklepu SantiDiving Afterdive Store Niniejsza Polityka prywatno\u015bci ma zastosowanie w Santi Sp. z oo, Gdynia, Tadeusza Wendy, ulica [&hellip;]<\/p>\n","protected":false},"author":1,"featured_media":0,"parent":0,"menu_order":0,"comment_status":"closed","ping_status":"closed","template":"","meta":{"_acf_changed":false,"inline_featured_image":false,"footnotes":""},"class_list":["post-1610","page","type-page","status-publish","hentry"],"acf":[],"_links":{"self":[{"href":"https:\/\/santidiving.com\/pl\/wp-json\/wp\/v2\/pages\/1610","targetHints":{"allow":["GET"]}}],"collection":[{"href":"https:\/\/santidiving.com\/pl\/wp-json\/wp\/v2\/pages"}],"about":[{"href":"https:\/\/santidiving.com\/pl\/wp-json\/wp\/v2\/types\/page"}],"author":[{"embeddable":true,"href":"https:\/\/santidiving.com\/pl\/wp-json\/wp\/v2\/users\/1"}],"replies":[{"embeddable":true,"href":"https:\/\/santidiving.com\/pl\/wp-json\/wp\/v2\/comments?post=1610"}],"version-history":[{"count":2,"href":"https:\/\/santidiving.com\/pl\/wp-json\/wp\/v2\/pages\/1610\/revisions"}],"predecessor-version":[{"id":9623,"href":"https:\/\/santidiving.com\/pl\/wp-json\/wp\/v2\/pages\/1610\/revisions\/9623"}],"wp:attachment":[{"href":"https:\/\/santidiving.com\/pl\/wp-json\/wp\/v2\/media?parent=1610"}],"curies":[{"name":"wp","href":"https:\/\/api.w.org\/{rel}","templated":true}]}}