{"id":1611,"date":"2023-11-08T12:07:29","date_gmt":"2023-11-08T11:07:29","guid":{"rendered":"https:\/\/santidiving.com\/?page_id=1611"},"modified":"2025-05-26T13:40:00","modified_gmt":"2025-05-26T11:40:00","slug":"reklamacje-i-zwroty","status":"publish","type":"page","link":"https:\/\/santidiving.com\/pl\/reklamacje-i-zwroty\/","title":{"rendered":"Reklamacje i zwroty"},"content":{"rendered":"\r\n<h3>Reklamacje<\/h3>\r\n<p>Przed odebraniem przesy\u0142ki zawsze sprawd\u017a, czy nie uleg\u0142a uszkodzeniu w transporcie. Je\u017celi opakowanie posiada\u00a0widoczne uszkodzenia\u00a0zewn\u0119trzne, zalecamy\u00a0odm\u00f3wienia przyj\u0119cia przesy\u0142ki, a nast\u0119pnie skontaktowanie si\u0119 z nami mailowo:\u00a0. Je\u017celi zakupiony towar okazuje si\u0119 mie\u0107 wady fabryczne lub jest niezgodny z opisem, prosimy\u00a0o post\u0119powanie zgodnie z poni\u017csz\u0105 procedur\u0105 reklamacyjn\u0105:<\/p>\r\n<ol>\r\n<li>Prze\u015blij do nas produkt, kt\u00f3ry chcesz zareklamowa\u0107, do\u0142\u0105czaj\u0105c\u00a0do niego pisemne o\u015bwiadczenie,<em>\u00a0<\/em>w kt\u00f3rym opiszesz szczeg\u00f3\u0142owe powody reklamacji produktu, form\u0119 rekompensaty, a tak\u017ce adres zwrotny oraz numer konta, na kt\u00f3ry zostanie dokonany zwrot pieni\u0119dzy (w zale\u017cno\u015bci od podj\u0119tej przez sklep decyzji).<\/li>\r\n<li>W\u00a0<strong>ci\u0105gu 14 dni<\/strong>\u00a0od otrzymania przesy\u0142ki poinformujemy Ci\u0119 mailowo lub telefonicznie o wyniku post\u0119powania reklamacyjnego.<\/li>\r\n<li>Je\u017celi reklamacja zostanie rozpatrzona pozytywnie, w\u00a0<strong>ci\u0105gu 7 dni<\/strong>\u00a0roboczych od dnia podj\u0119cia decyzji, zrekompensujemy poniesione przez Ciebie koszty poprzez: napraw\u0119 reklamowanego produktu, przes\u0142anie nowego egzemplarza produktu lub zwrot pieni\u0119dzy.<\/li>\r\n<li>Je\u017celi reklamacja zostanie uznana za nieuzasadnion\u0105, przeka\u017cemy Ci szczeg\u00f3\u0142owe uzasadnienie podj\u0119tej decyzji i w\u00a0<strong>ci\u0105gu 14 dni<\/strong>\u00a0roboczych ode\u015blemy na nasz koszt reklamowany produkt. W przypadku p\u0142atno\u015bci kart\u0105 p\u0142atnicz\u0105 zwrot \u015brodk\u00f3w zostanie wykonany na kart\u0119.<\/li>\r\n<\/ol>\r\n<p>W razie w\u0105tpliwo\u015bci, zapraszamy do kontaktu pod adresem e-mail: <strong>sklep@santidiving.com<\/strong>. Udzielimy Ci wskaz\u00f3wek, jak szybko i bezproblemowo przeprowadzi\u0107 reklamacj\u0119.<\/p>\r\n<h3>Zwrot produkt\u00f3w<\/h3>\r\n<p>Zgodnie z obowi\u0105zuj\u0105cymi przepisami, w ci\u0105gu 10 dni kalendarzowych od daty dostarczenia zam\u00f3wionego towaru, masz prawo jego zwrotu bez podania przyczyn w ramach odst\u0105pienia od umowy, wg og\u00f3lnych zasad wynikaj\u0105cych z przepis\u00f3w dotycz\u0105cych zawierania um\u00f3w na odleg\u0142o\u015b\u0107. Dotyczy to wy\u0142\u0105cznie\u00a0sprzeda\u017cy konsumenckiej, a wi\u0119c stosuje si\u0119 tylko do sprzeda\u017cy osobie fizycznej, kt\u00f3ra dokonuje zakupu w celu niezwi\u0105zanym z dzia\u0142alno\u015bci\u0105 zawodow\u0105 lub gospodarcz\u0105. Zwracany produkt nie mo\u017ce nosi\u0107 \u015blad\u00f3w u\u017cywania &#8211; ka\u017cdy element musi by\u0107 kompletny i fabrycznie zapakowany, towar dostarczony w oryginalnym opakowaniu w stanie niezmienionym.\u00a0W przypadku niespe\u0142nienia tego warunku, produkt nie zostanie przyj\u0119ty. <strong>Je\u017celi chcesz dokona\u0107 zwrotu produktu:<\/strong><\/p>\r\n<ol>\r\n<li>Ode\u015blij zakupiony produkt w nieuszkodzonym stanie i w oryginalnym opakowaniu wraz z ca\u0142\u0105 jego zawarto\u015bci\u0105.<\/li>\r\n<li>Do\u0142\u0105cz do przesy\u0142ki pisemne o\u015bwiadczenie, w kt\u00f3rym zawrzesz ch\u0119\u0107 zwrotu produktu, a tak\u017ce numer konta, na kt\u00f3re zostanie przekazany zwrot pieni\u0119dzy.<\/li>\r\n<li>W <strong>ci\u0105gu 3 dni<\/strong> roboczych od otrzymania Twojej przesy\u0142ki, sprawdzimy stan przekazanego produktu (czy nie nosi \u015blad\u00f3w u\u017cytkowania, czy nie zosta\u0142 uszkodzony lub zniszczony, czy znajduje si\u0119 w oryginalnym opakowaniu z ca\u0142\u0105 jego zawarto\u015bci\u0105).<\/li>\r\n<li>Je\u017celi nie odnotujemy przeciwwskaza\u0144, na Tw\u00f3j adres email prze\u015blemy informacj\u0119 o pozytywnym rozpatrzeniu zwrotu produktu. Na za\u0142\u0105czony numer konta <strong>w ci\u0105gu 30 dni zostanie<\/strong>dokonany zwrot pieni\u0119dzy. W przypadku p\u0142atno\u015bci kart\u0105 p\u0142atnicz\u0105 zwrot \u015brodk\u00f3w zostanie wykonany na kart\u0119 (zwrot zawiera jedynie warto\u015b\u0107 przedmiotu, nie obejmuje on poniesionych koszt\u00f3w przesy\u0142ki lub op\u0142at celnych).<\/li>\r\n<\/ol>\r\n<p>Je\u017celi Tw\u00f3j zwrot produktu zostanie odrzucony (ze wzgl\u0119du na uszkodzenie produktu lub oznaki u\u017cytkowania), przeka\u017cemy Ci na wskazany adres email informacj\u0119 o nieprzyj\u0119ciu zwrotu produktu. W\u00a0ci\u0105gu 7 dni\u00a0roboczych\u00a0na wskazany adres zwrotny\u00a0ode\u015blemy produkt, pokrywaj\u0105c koszt przesy\u0142ki.<\/p>\r\n","protected":false},"excerpt":{"rendered":"<p>Reklamacje Przed odebraniem przesy\u0142ki zawsze sprawd\u017a, czy nie uleg\u0142a uszkodzeniu w transporcie. Je\u017celi opakowanie posiada\u00a0widoczne uszkodzenia\u00a0zewn\u0119trzne, zalecamy\u00a0odm\u00f3wienia przyj\u0119cia przesy\u0142ki, a [&hellip;]<\/p>\n","protected":false},"author":1,"featured_media":0,"parent":0,"menu_order":0,"comment_status":"closed","ping_status":"closed","template":"","meta":{"_acf_changed":false,"inline_featured_image":false,"footnotes":""},"class_list":["post-1611","page","type-page","status-publish","hentry"],"acf":[],"_links":{"self":[{"href":"https:\/\/santidiving.com\/pl\/wp-json\/wp\/v2\/pages\/1611","targetHints":{"allow":["GET"]}}],"collection":[{"href":"https:\/\/santidiving.com\/pl\/wp-json\/wp\/v2\/pages"}],"about":[{"href":"https:\/\/santidiving.com\/pl\/wp-json\/wp\/v2\/types\/page"}],"author":[{"embeddable":true,"href":"https:\/\/santidiving.com\/pl\/wp-json\/wp\/v2\/users\/1"}],"replies":[{"embeddable":true,"href":"https:\/\/santidiving.com\/pl\/wp-json\/wp\/v2\/comments?post=1611"}],"version-history":[{"count":3,"href":"https:\/\/santidiving.com\/pl\/wp-json\/wp\/v2\/pages\/1611\/revisions"}],"predecessor-version":[{"id":9624,"href":"https:\/\/santidiving.com\/pl\/wp-json\/wp\/v2\/pages\/1611\/revisions\/9624"}],"wp:attachment":[{"href":"https:\/\/santidiving.com\/pl\/wp-json\/wp\/v2\/media?parent=1611"}],"curies":[{"name":"wp","href":"https:\/\/api.w.org\/{rel}","templated":true}]}}