{"id":1612,"date":"2023-11-08T12:06:48","date_gmt":"2023-11-08T11:06:48","guid":{"rendered":"https:\/\/santidiving.com\/?page_id=1612"},"modified":"2026-03-06T13:49:43","modified_gmt":"2026-03-06T12:49:43","slug":"serwis","status":"publish","type":"page","link":"https:\/\/santidiving.com\/pl\/serwis\/","title":{"rendered":"Serwis"},"content":{"rendered":"<p style=\"padding-left: 40px;\"><strong>Nasza firma k\u0142adzie du\u017cy nacisk na profesjonalny serwis naszych produkt\u00f3w z zachowaniem najwy\u017cszej jako\u015bci obs\u0142ugi klienta.<\/strong><\/p>\n<p>Bezustannie budujemy i polepszamy nasze standardy serwisowe, a tak\u017ce poszerzamy zakres naszych us\u0142ug oraz liczb\u0119 autoryzowanych plac\u00f3wek serwisowych na ca\u0142ym \u015bwiecie, tak by u\u017cytkownicy z nawet najdalszych zak\u0105tk\u00f3w \u015bwiata mogli korzysta\u0107 z naszych us\u0142ug.<\/p>\n<p>Je\u017celi chcesz wys\u0142a\u0107 sw\u00f3j sprz\u0119t do serwisu Santi, kliknij na zak\u0142adk\u0119 po lewej stronie, kt\u00f3ra pokieruje ci\u0119 do najbli\u017cszego autoryzowanego punktu serwisowego. Zanim wy\u015blesz sw\u00f3j sprz\u0119t, skontaktuj si\u0119 z wybranym punktem w celu om\u00f3wienia wszystkich szczeg\u00f3\u0142\u00f3w wysy\u0142ki oraz niezb\u0119dnych dokument\u00f3w.<\/p>\n<p><strong>Pami\u0119taj zawsze o poprawnym i kompletnym wype\u0142nieniu formularza serwisowego.<\/strong><\/p>\n<p><strong>Uwaga: <\/strong>Wysy\u0142aj\u0105c bateri\u0119 do serwisu, upewnij si\u0119, \u017ce jest ona zapakowana i nadana zgodnie z obowi\u0105zuj\u0105cymi przepisami przewo\u017anika dotycz\u0105cymi transportu materia\u0142\u00f3w niebezpiecznych. Nieprawid\u0142owo przygotowana przesy\u0142ka mo\u017ce zosta\u0107 odrzucona lub zatrzymana w transporcie.<\/p>\n<p>Adres centrum serwisowego w Polsce:<\/p>\n<p>Oddzia\u0142 serwisowy SANTI Polska<br \/>\nAdres: ul. Ogrodnik\u00f3w 11, 84-240 Reda<br \/>\nEmail: <a href=\"mailto:serwis@santidiving.com\">serwis@santidiving.com<\/a><br \/>\n+48 693 418\u00a0011<br \/>\npon-pt: 7.00-15.00<\/p>\n<hr \/>\n<p class=\"x_MsoNormal\"><span data-olk-copy-source=\"MessageBody\">Uprzejmie informujemy, \u017ce wysy\u0142ki paczek serwisowych realizowane s\u0105\u00a0<b>wy\u0142\u0105cznie za po\u015brednictwem firmy kurierskiej UPS<\/b>.<\/span><\/p>\n<p class=\"x_MsoNormal\"><b>Koszty wysy\u0142ki:<\/b><\/p>\n<ul type=\"disc\">\n<li class=\"x_MsoNormal\"><b>Na terenie Polski<\/b>: 22 z\u0142<\/li>\n<li class=\"x_MsoNormal\"><b>Do kraj\u00f3w Unii Europejskiej<\/b>: 25 \u20ac \u2013 40 \u20ac <i>(w zale\u017cno\u015bci od kraju docelowego, rozmiaru oraz wagi paczki)<\/i><\/li>\n<li class=\"x_MsoNormal\"><b>Poza Uni\u0119 Europejsk\u0105<\/b>: wycena indywidualna <i>(na podstawie kraju docelowego, rozmiaru oraz wagi paczki)<\/i><\/li>\n<\/ul>\n<p class=\"x_MsoNormal\"><b>Do koszt\u00f3w wysy\u0142ki poza Uni\u0119 Europejsk\u0105<\/b>\u00a0<b>ka\u017cdorazowo naliczane s\u0105 dodatkowe \u00a0op\u0142aty celne\u00a0<\/b> (informacja poni\u017cej).<\/p>\n<hr \/>\n<p class=\"x_MsoNormal\" data-olk-copy-source=\"MessageBody\">Drodzy klienci,<\/p>\n<p class=\"x_MsoNormal\">Do paczek serwisowych \u00a0wysy\u0142anych z poza Unii Europejskiej doliczana b\u0119dzie dodatkowa op\u0142ata w wysoko\u015bci 185 \u20ac .Op\u0142ata ta dotyczy koszt\u00f3w zwi\u0105zanych z obs\u0142ug\u0105 celn\u0105 oraz procesem importu paczek.<\/p>\n<p class=\"x_MsoNormal\">Prosimy o uwzgl\u0119dnienie tej zmiany przy planowaniu wysy\u0142ki paczek do naszej firmy. W przypadku jakichkolwiek pyta\u0144 lub w\u0105tpliwo\u015bci, nasz zesp\u00f3\u0142 obs\u0142ugi klienta pozostaje do Pa\u0144stwa dyspozycji.<\/p>\n","protected":false},"excerpt":{"rendered":"<p>Nasza firma k\u0142adzie du\u017cy nacisk na profesjonalny serwis naszych produkt\u00f3w z zachowaniem najwy\u017cszej jako\u015bci obs\u0142ugi klienta. Bezustannie budujemy i polepszamy [&hellip;]<\/p>\n","protected":false},"author":1,"featured_media":0,"parent":0,"menu_order":0,"comment_status":"closed","ping_status":"closed","template":"templates\/page-with-nav.php","meta":{"_acf_changed":false,"inline_featured_image":false,"footnotes":""},"class_list":["post-1612","page","type-page","status-publish","hentry"],"acf":[],"_links":{"self":[{"href":"https:\/\/santidiving.com\/pl\/wp-json\/wp\/v2\/pages\/1612","targetHints":{"allow":["GET"]}}],"collection":[{"href":"https:\/\/santidiving.com\/pl\/wp-json\/wp\/v2\/pages"}],"about":[{"href":"https:\/\/santidiving.com\/pl\/wp-json\/wp\/v2\/types\/page"}],"author":[{"embeddable":true,"href":"https:\/\/santidiving.com\/pl\/wp-json\/wp\/v2\/users\/1"}],"replies":[{"embeddable":true,"href":"https:\/\/santidiving.com\/pl\/wp-json\/wp\/v2\/comments?post=1612"}],"version-history":[{"count":21,"href":"https:\/\/santidiving.com\/pl\/wp-json\/wp\/v2\/pages\/1612\/revisions"}],"predecessor-version":[{"id":17293,"href":"https:\/\/santidiving.com\/pl\/wp-json\/wp\/v2\/pages\/1612\/revisions\/17293"}],"wp:attachment":[{"href":"https:\/\/santidiving.com\/pl\/wp-json\/wp\/v2\/media?parent=1612"}],"curies":[{"name":"wp","href":"https:\/\/api.w.org\/{rel}","templated":true}]}}