{"id":4832,"date":"2024-10-07T21:27:04","date_gmt":"2024-10-07T19:27:04","guid":{"rendered":"https:\/\/santidiving.com\/?page_id=4832"},"modified":"2025-05-26T13:26:05","modified_gmt":"2025-05-26T11:26:05","slug":"dotacje","status":"publish","type":"page","link":"https:\/\/santidiving.com\/pl\/dotacje\/","title":{"rendered":"Dotacje"},"content":{"rendered":"<p><img loading=\"lazy\" decoding=\"async\" class=\"aligncenter wp-image-4836 size-large\" style=\"object-fit: contain;\" src=\"https:\/\/santidiving.com\/wp-content\/uploads\/2024\/10\/FE_POIR_poziom_pl-1_rgb-1024x141.png\" alt=\"\" width=\"1024\" height=\"141\" srcset=\"https:\/\/santidiving.com\/wp-content\/uploads\/2024\/10\/FE_POIR_poziom_pl-1_rgb-1024x141.png 1024w, https:\/\/santidiving.com\/wp-content\/uploads\/2024\/10\/FE_POIR_poziom_pl-1_rgb-300x41.png 300w, https:\/\/santidiving.com\/wp-content\/uploads\/2024\/10\/FE_POIR_poziom_pl-1_rgb-768x106.png 768w, https:\/\/santidiving.com\/wp-content\/uploads\/2024\/10\/FE_POIR_poziom_pl-1_rgb-1536x211.png 1536w, https:\/\/santidiving.com\/wp-content\/uploads\/2024\/10\/FE_POIR_poziom_pl-1_rgb-2048x282.png 2048w, https:\/\/santidiving.com\/wp-content\/uploads\/2024\/10\/FE_POIR_poziom_pl-1_rgb-600x83.png 600w\" sizes=\"auto, (max-width: 1024px) 100vw, 1024px\" \/><\/p>\n<p style=\"text-align: center;\"><strong>Sp\u00f3\u0142ka Santi otrzyma\u0142a dofinansowanie na realizacj\u0119 Projektu ze \u015brodk\u00f3w Programu Operacyjnego Inteligentny Rozw\u00f3j 2014-2020<br \/>\n<\/strong><strong>Tytu\u0142 projektu:\u00a0<\/strong>Projekt w ramach dzia\u0142ania 3.4<strong>\u00a0<\/strong>Dotacje na kapita\u0142 obrotowy dla Santi Sp\u00f3\u0142ka z ograniczon\u0105 odpowiedzialno\u015bci\u0105<br \/>\n<strong>Cel projektu:\u00a0<\/strong>Projekt dotyczy wsparcia przedsi\u0119biorcy w zakresie zapewnienia p\u0142ynno\u015bci finansowej oraz wsparcia bie\u017c\u0105cej dzia\u0142alno\u015bci w zwi\u0105zku z trudno\u015bciami finansowymi, kt\u00f3re wyst\u0105pi\u0142y u przedsi\u0119biorcy wskutek epidemii COVID-19.<br \/>\n<strong>Dofinansowanie projektu z UE:<\/strong>\u00a0294 609,54z\u0142<\/p>\n<p>&nbsp;<\/p>\n<p style=\"text-align: center;\"><strong>Sp\u00f3\u0142ka SANTI otrzyma\u0142a dofinansowanie na realizacj\u0119 Projektu POIR.03.03.03-22-0138\/20 ze \u015brodk\u00f3w Programu Operacyjnego Inteligentny Rozw\u00f3j 2014-2020\/ poddzia\u0142anie: 3.3.3. Wsparcie M\u015aP w promocji marek produktowych \u2013 Go to Brand<br \/>\n<\/strong><strong>Tytu\u0142 projektu:\u00a0<\/strong>Rozw\u00f3j sprzeda\u017cy eksportowej produkt\u00f3w SANTI<br \/>\n<strong>Cel projektu:\u00a0<\/strong>Promocja marki na rynkach zagranicznych<br \/>\n<strong>Warto\u015b\u0107\u00a0projektu:<\/strong>\u00a0668\u00a0500\u00a0PLN<br \/>\n<strong>Wysoko\u015b\u0107\u00a0pomocy\u00a0publicznej:<\/strong>\u00a0401\u00a0100\u00a0PLN<\/p>\n<p>&nbsp;<\/p>\n<p style=\"text-align: center;\"><strong>Sp\u00f3\u0142ka Santi otrzyma\u0142a dofinansowanie na realizacj\u0119 Projektu ze \u015brodk\u00f3w Programu Fundusze Europejskie dla Nowoczesnej Gospodarki 2021-2027<br \/>\n<\/strong><strong>Tytu\u0142:<\/strong> Promocja marki SANTI na rynkach zagranicznych.<br \/>\n<strong>Opis:<\/strong> Udzia\u0142 w targach zagranicznych w Niemczech w roli wystawcy oraz w roli zwiedzaj\u0105cego na targach, przy wykorzystaniu kampanii promocyjnej.<br \/>\n<strong>Grupy docelowe:<\/strong> wybrane rynki: Niemcy, Wielka Brytania, USA, W\u0142ochy oraz kraje azjatyckie.<br \/>\n<strong>Cel projektu:<\/strong> zwi\u0119kszenie wielko\u015bci sprzeda\u017cy eksportowej w szczeg\u00f3lno\u015bci na rynku niemieckim i brytyjskim, a tak\u017ce azjatyckich.<br \/>\n<strong>Rezultaty projektu:<\/strong> wielko\u015b\u0107 eksportu produkt\u00f3w obj\u0119tych projektem do ko\u0144ca 2029 roku &#8211; 25.000.000,- pln, ilo\u015b\u0107 podpisanych kontrakt\u00f3w do ko\u0144ca 2029 roku &#8211; 60 sztuk<br \/>\n<strong>Warto\u015b\u0107 projektu:<\/strong> 2.414.197,20 pln<br \/>\n<strong>Wysoko\u015b\u0107 wk\u0142adu z Funduszy Europejskich:<\/strong> 1.071.040,05 pln<\/p>\n","protected":false},"excerpt":{"rendered":"<p>Sp\u00f3\u0142ka Santi otrzyma\u0142a dofinansowanie na realizacj\u0119 Projektu ze \u015brodk\u00f3w Programu Operacyjnego Inteligentny Rozw\u00f3j 2014-2020 Tytu\u0142 projektu:\u00a0Projekt w ramach dzia\u0142ania 3.4\u00a0Dotacje [&hellip;]<\/p>\n","protected":false},"author":5,"featured_media":0,"parent":0,"menu_order":0,"comment_status":"closed","ping_status":"closed","template":"templates\/page-with-nav.php","meta":{"_acf_changed":false,"inline_featured_image":false,"footnotes":""},"class_list":["post-4832","page","type-page","status-publish","hentry"],"acf":[],"_links":{"self":[{"href":"https:\/\/santidiving.com\/pl\/wp-json\/wp\/v2\/pages\/4832","targetHints":{"allow":["GET"]}}],"collection":[{"href":"https:\/\/santidiving.com\/pl\/wp-json\/wp\/v2\/pages"}],"about":[{"href":"https:\/\/santidiving.com\/pl\/wp-json\/wp\/v2\/types\/page"}],"author":[{"embeddable":true,"href":"https:\/\/santidiving.com\/pl\/wp-json\/wp\/v2\/users\/5"}],"replies":[{"embeddable":true,"href":"https:\/\/santidiving.com\/pl\/wp-json\/wp\/v2\/comments?post=4832"}],"version-history":[{"count":14,"href":"https:\/\/santidiving.com\/pl\/wp-json\/wp\/v2\/pages\/4832\/revisions"}],"predecessor-version":[{"id":7708,"href":"https:\/\/santidiving.com\/pl\/wp-json\/wp\/v2\/pages\/4832\/revisions\/7708"}],"wp:attachment":[{"href":"https:\/\/santidiving.com\/pl\/wp-json\/wp\/v2\/media?parent=4832"}],"curies":[{"name":"wp","href":"https:\/\/api.w.org\/{rel}","templated":true}]}}