{"id":7995,"date":"2025-02-17T20:33:58","date_gmt":"2025-02-17T19:33:58","guid":{"rendered":"https:\/\/santidiving.com\/?page_id=7995"},"modified":"2025-05-26T13:36:31","modified_gmt":"2025-05-26T11:36:31","slug":"oswiadczenia","status":"publish","type":"page","link":"https:\/\/santidiving.com\/pl\/oswiadczenia\/","title":{"rendered":"O\u015bwiadczenia"},"content":{"rendered":"<p>Informujemy, \u017ce\u00a0poni\u017csze firmy nie\u00a0s\u0105 przedstawicielem SANTI i zakupy produkt\u00f3w SANTI za po\u015brednictwem tej firmy nie b\u0119d\u0105 obj\u0119te wsparciem SANTI jako producenta.<\/p>\n<ul>\n<li>Underwater.pl<\/li>\n<li>Shop4divers<\/li>\n<\/ul>\n<div class=\"opis\">\n<p><strong>Odradzamy nabywanie produkt\u00f3w SANTI Diving z nieautoryzowanych kana\u0142\u00f3w dystrybucji.<\/strong><\/p>\n<\/div>\n","protected":false},"excerpt":{"rendered":"<p>Informujemy, \u017ce\u00a0poni\u017csze firmy nie\u00a0s\u0105 przedstawicielem SANTI i zakupy produkt\u00f3w SANTI za po\u015brednictwem tej firmy nie b\u0119d\u0105 obj\u0119te wsparciem SANTI jako [&hellip;]<\/p>\n","protected":false},"author":5,"featured_media":0,"parent":0,"menu_order":0,"comment_status":"closed","ping_status":"closed","template":"templates\/page-with-nav.php","meta":{"_acf_changed":false,"inline_featured_image":false,"footnotes":""},"class_list":["post-7995","page","type-page","status-publish","hentry"],"acf":[],"_links":{"self":[{"href":"https:\/\/santidiving.com\/pl\/wp-json\/wp\/v2\/pages\/7995","targetHints":{"allow":["GET"]}}],"collection":[{"href":"https:\/\/santidiving.com\/pl\/wp-json\/wp\/v2\/pages"}],"about":[{"href":"https:\/\/santidiving.com\/pl\/wp-json\/wp\/v2\/types\/page"}],"author":[{"embeddable":true,"href":"https:\/\/santidiving.com\/pl\/wp-json\/wp\/v2\/users\/5"}],"replies":[{"embeddable":true,"href":"https:\/\/santidiving.com\/pl\/wp-json\/wp\/v2\/comments?post=7995"}],"version-history":[{"count":2,"href":"https:\/\/santidiving.com\/pl\/wp-json\/wp\/v2\/pages\/7995\/revisions"}],"predecessor-version":[{"id":7997,"href":"https:\/\/santidiving.com\/pl\/wp-json\/wp\/v2\/pages\/7995\/revisions\/7997"}],"wp:attachment":[{"href":"https:\/\/santidiving.com\/pl\/wp-json\/wp\/v2\/media?parent=7995"}],"curies":[{"name":"wp","href":"https:\/\/api.w.org\/{rel}","templated":true}]}}