{"id":8056,"date":"2025-02-21T11:49:19","date_gmt":"2025-02-21T10:49:19","guid":{"rendered":"https:\/\/santidiving.com\/?page_id=8056"},"modified":"2026-03-06T13:50:29","modified_gmt":"2026-03-06T12:50:29","slug":"pranie","status":"publish","type":"page","link":"https:\/\/santidiving.com\/pl\/pranie\/","title":{"rendered":"Pranie"},"content":{"rendered":"<p>Regularne pranie ocieplaczy z systemem grzewczym jest kluczowe dla zapewnienia ich optymalnej wydajno\u015bci, trwa\u0142o\u015bci oraz zachowania pe\u0142nej funkcjonalno\u015bci.<\/p>\n<p>Nasza us\u0142uga opiera si\u0119 na specjalistycznych metodach prania, kt\u00f3re gwarantuj\u0105 bezpiecze\u0144stwo oraz skuteczne usuni\u0119cie zabrudze\u0144, nie uszkadzaj\u0105c przy tym element\u00f3w grzewczych.<\/p>\n<p>Dbamy o ka\u017cdy detal, aby Tw\u00f3j ocieplacz grzewczy by\u0142 zawsze gotowy do pracy w trudnych warunkach.<\/p>\n<p>Zach\u0119camy do skorzystania z naszej oferty, by cieszy\u0107 si\u0119 niezawodno\u015bci\u0105 i komfortem u\u017cytkowania przez wiele sezon\u00f3w.<\/p>\n","protected":false},"excerpt":{"rendered":"<p>Regularne pranie ocieplaczy z systemem grzewczym jest kluczowe dla zapewnienia ich optymalnej wydajno\u015bci, trwa\u0142o\u015bci oraz zachowania pe\u0142nej funkcjonalno\u015bci. Nasza us\u0142uga [&hellip;]<\/p>\n","protected":false},"author":5,"featured_media":0,"parent":0,"menu_order":0,"comment_status":"closed","ping_status":"closed","template":"templates\/page-with-nav.php","meta":{"_acf_changed":false,"inline_featured_image":false,"footnotes":""},"class_list":["post-8056","page","type-page","status-publish","hentry"],"acf":[],"_links":{"self":[{"href":"https:\/\/santidiving.com\/pl\/wp-json\/wp\/v2\/pages\/8056","targetHints":{"allow":["GET"]}}],"collection":[{"href":"https:\/\/santidiving.com\/pl\/wp-json\/wp\/v2\/pages"}],"about":[{"href":"https:\/\/santidiving.com\/pl\/wp-json\/wp\/v2\/types\/page"}],"author":[{"embeddable":true,"href":"https:\/\/santidiving.com\/pl\/wp-json\/wp\/v2\/users\/5"}],"replies":[{"embeddable":true,"href":"https:\/\/santidiving.com\/pl\/wp-json\/wp\/v2\/comments?post=8056"}],"version-history":[{"count":13,"href":"https:\/\/santidiving.com\/pl\/wp-json\/wp\/v2\/pages\/8056\/revisions"}],"predecessor-version":[{"id":17294,"href":"https:\/\/santidiving.com\/pl\/wp-json\/wp\/v2\/pages\/8056\/revisions\/17294"}],"wp:attachment":[{"href":"https:\/\/santidiving.com\/pl\/wp-json\/wp\/v2\/media?parent=8056"}],"curies":[{"name":"wp","href":"https:\/\/api.w.org\/{rel}","templated":true}]}}