{"id":3368,"date":"2023-12-01T16:41:41","date_gmt":"2023-12-01T15:41:41","guid":{"rendered":"https:\/\/santidiving.com\/product\/torba-stay-dry\/"},"modified":"2025-05-26T15:57:28","modified_gmt":"2025-05-26T13:57:28","slug":"torba-stay-dry","status":"publish","type":"product","link":"https:\/\/santidiving.com\/pl\/produkt\/torba-stay-dry\/","title":{"rendered":"Torba Stay Dry"},"content":{"rendered":"<p style=\"font-size: 12px; font-family: Arial, Helvetica, sans-serif;\"><span style=\"color: #808080;\">\u00a0Torba podr\u00f3\u017cna nie tylko na suchy skafander.<\/span><\/p>\n","protected":false},"excerpt":{"rendered":"<p style=\"font-size: 12px; font-family: Arial, Helvetica, sans-serif;\"><span style=\"color: #808080;\">\u00a0<\/span><\/p>\n<ul style=\"color: #b1b1b1; font-size: 12px; font-family: 'Open Sans', Helvetica, Arial, sans-serif;\">\n<li><span style=\"color: #808080;\">Sk\u0142ad 100% PVC<\/span><\/li>\n<li><span style=\"color: #808080;\">Wymiary 71x39x39 cm, tj. 109l<\/span><\/li>\n<li><span style=\"color: #808080;\">Kolor\u00a0szary z srebrnymi nadrukami\u00a0<\/span><\/li>\n<li><span style=\"color: #808080;\">Zewn\u0119trzna kieszonka na dane osobowe w\u0142a\u015bciciela<\/span><\/li>\n<li><span style=\"color: #808080;\">Wewn\u0119trzna du\u017ca kiesze\u0144 zamykana na zamek<\/span><\/li>\n<li><span style=\"color: #808080;\">2 r\u0105czki po obu bokach torby<\/span><\/li>\n<li><span style=\"color: #808080;\">4 \u015bci\u0105gacze na przodzie i z ty\u0142u torby<\/span><\/li>\n<li><span style=\"color: #808080;\">2 paski do noszenia torby na ramieniu lub na plecach<\/span><\/li>\n<li><span style=\"color: #808080;\">2 mi\u0119kkie podszycia na paskach\u00a0<\/span><\/li>\n<li><span style=\"color: #808080;\">2 paski do noszenia torby w d\u0142oni<\/span><\/li>\n<li><span style=\"color: #808080;\">Otwierana i zamykana na zamek\u00a0<\/span><\/li>\n<li><span style=\"color: #808080;\">Pasek mocuj\u0105cy w pasie<\/span><\/li>\n<\/ul>\n","protected":false},"featured_media":2145,"comment_status":"closed","ping_status":"closed","template":"","meta":{"_acf_changed":false,"inline_featured_image":false},"product_brand":[],"product_cat":[127],"product_tag":[],"class_list":{"0":"post-3368","1":"product","2":"type-product","3":"status-publish","4":"has-post-thumbnail","6":"product_cat-akcesoria","8":"first","9":"instock","10":"purchasable","11":"product-type-simple"},"acf":[],"_links":{"self":[{"href":"https:\/\/santidiving.com\/pl\/wp-json\/wp\/v2\/product\/3368","targetHints":{"allow":["GET"]}}],"collection":[{"href":"https:\/\/santidiving.com\/pl\/wp-json\/wp\/v2\/product"}],"about":[{"href":"https:\/\/santidiving.com\/pl\/wp-json\/wp\/v2\/types\/product"}],"replies":[{"embeddable":true,"href":"https:\/\/santidiving.com\/pl\/wp-json\/wp\/v2\/comments?post=3368"}],"wp:featuredmedia":[{"embeddable":true,"href":"https:\/\/santidiving.com\/pl\/wp-json\/wp\/v2\/media\/2145"}],"wp:attachment":[{"href":"https:\/\/santidiving.com\/pl\/wp-json\/wp\/v2\/media?parent=3368"}],"wp:term":[{"taxonomy":"product_brand","embeddable":true,"href":"https:\/\/santidiving.com\/pl\/wp-json\/wp\/v2\/product_brand?post=3368"},{"taxonomy":"product_cat","embeddable":true,"href":"https:\/\/santidiving.com\/pl\/wp-json\/wp\/v2\/product_cat?post=3368"},{"taxonomy":"product_tag","embeddable":true,"href":"https:\/\/santidiving.com\/pl\/wp-json\/wp\/v2\/product_tag?post=3368"}],"curies":[{"name":"wp","href":"https:\/\/api.w.org\/{rel}","templated":true}]}}