{"id":3404,"date":"2023-12-01T16:43:03","date_gmt":"2023-12-01T15:43:03","guid":{"rendered":"https:\/\/santidiving.com\/product\/stanik-nurkowy\/"},"modified":"2025-05-26T15:47:54","modified_gmt":"2025-05-26T13:47:54","slug":"stanik-nurkowy","status":"publish","type":"product","link":"https:\/\/santidiving.com\/pl\/produkt\/stanik-nurkowy\/","title":{"rendered":"Stanik nurkowy"},"content":{"rendered":"<p>Klasyczny damski stanik sportowy, idealnie zapewniaj\u0105cy komfort w trakcie nurkowania, jak r\u00f3wnie\u017c w trakcie uprawiania innych dyscyplin sportowych.<\/p>\n<p>&nbsp;<\/p>\n","protected":false},"excerpt":{"rendered":"<p>Specyfikacja:<\/p>\n<ul>\n<li>specjalna technologia spojenia szw\u00f3w sprawia, \u017ce nie s\u0105 odczuwalne na sk\u00f3rze<\/li>\n<li>dopasowany do kszta\u0142tu sylwetki<\/li>\n<li>formowane panele zapewniaj\u0105 naturaln\u0105 ochron\u0119 biustu<\/li>\n<li>kolor: czarny, logo Ladies First w kolorze fuksji (z przodu i z ty\u0142u)<\/li>\n<li>idealny do sport\u00f3w o \u015brednim obci\u0105\u017ceniu, takich jak: nurkowanie, jazda na rowerze, kardio<\/li>\n<li>trwa\u0142y i \u0142atwy w utrzymaniu<\/li>\n<li>pra\u0107 w pralce<\/li>\n<li>materia\u0142: 88% poliester \/ 12% spandex<\/li>\n<\/ul>\n<p>Dost\u0119pne rozmiary: S, M, L<\/p>\n","protected":false},"featured_media":2265,"comment_status":"closed","ping_status":"closed","template":"","meta":{"_acf_changed":false,"inline_featured_image":false},"product_brand":[],"product_cat":[127],"product_tag":[],"class_list":{"0":"post-3404","1":"product","2":"type-product","3":"status-publish","4":"has-post-thumbnail","6":"product_cat-akcesoria","8":"first","9":"instock","10":"purchasable","11":"product-type-simple"},"acf":[],"_links":{"self":[{"href":"https:\/\/santidiving.com\/pl\/wp-json\/wp\/v2\/product\/3404","targetHints":{"allow":["GET"]}}],"collection":[{"href":"https:\/\/santidiving.com\/pl\/wp-json\/wp\/v2\/product"}],"about":[{"href":"https:\/\/santidiving.com\/pl\/wp-json\/wp\/v2\/types\/product"}],"replies":[{"embeddable":true,"href":"https:\/\/santidiving.com\/pl\/wp-json\/wp\/v2\/comments?post=3404"}],"wp:featuredmedia":[{"embeddable":true,"href":"https:\/\/santidiving.com\/pl\/wp-json\/wp\/v2\/media\/2265"}],"wp:attachment":[{"href":"https:\/\/santidiving.com\/pl\/wp-json\/wp\/v2\/media?parent=3404"}],"wp:term":[{"taxonomy":"product_brand","embeddable":true,"href":"https:\/\/santidiving.com\/pl\/wp-json\/wp\/v2\/product_brand?post=3404"},{"taxonomy":"product_cat","embeddable":true,"href":"https:\/\/santidiving.com\/pl\/wp-json\/wp\/v2\/product_cat?post=3404"},{"taxonomy":"product_tag","embeddable":true,"href":"https:\/\/santidiving.com\/pl\/wp-json\/wp\/v2\/product_tag?post=3404"}],"curies":[{"name":"wp","href":"https:\/\/api.w.org\/{rel}","templated":true}]}}