{"id":3427,"date":"2023-12-01T16:43:11","date_gmt":"2023-12-01T15:43:11","guid":{"rendered":"https:\/\/santidiving.com\/product\/kamizelka-puchowa-unisex\/"},"modified":"2025-05-26T15:45:23","modified_gmt":"2025-05-26T13:45:23","slug":"kamizelka-puchowa-unisex","status":"publish","type":"product","link":"https:\/\/santidiving.com\/pl\/produkt\/kamizelka-puchowa-unisex\/","title":{"rendered":"Kamizelka puchowa Unisex"},"content":{"rendered":"<p>Lekka, ciep\u0142a kamizelka puchowa w czarnym kolorze z szarymi zamkami koresponduj\u0105cymi z kolorem spodnim. Ma\u0142y logotyp Santi, dwie zewn\u0119trzne kieszenie zapinane na zamek, wewn\u0119trzna kiesze\u0144\u00a0 na rzep.<\/p>\n<p>&nbsp;<\/p>\n","protected":false},"excerpt":{"rendered":"<p>Wype\u0142nienie:<\/p>\n<ul>\n<li>90% kaczy puch<\/li>\n<li>10% pierze<\/li>\n<\/ul>\n<p>Materia\u0142 wierzchni: poliester.<\/p>\n","protected":false},"featured_media":2358,"comment_status":"closed","ping_status":"closed","template":"","meta":{"_acf_changed":false,"inline_featured_image":false},"product_brand":[],"product_cat":[132,168,138],"product_tag":[],"class_list":{"0":"post-3427","1":"product","2":"type-product","3":"status-publish","4":"has-post-thumbnail","6":"product_cat-kurtki-damskie","7":"product_cat-kurtki","8":"product_cat-kurtki-meskie","10":"first","11":"instock","12":"purchasable","13":"product-type-variable","14":"wvs-archive-product-wrapper"},"acf":[],"_links":{"self":[{"href":"https:\/\/santidiving.com\/pl\/wp-json\/wp\/v2\/product\/3427","targetHints":{"allow":["GET"]}}],"collection":[{"href":"https:\/\/santidiving.com\/pl\/wp-json\/wp\/v2\/product"}],"about":[{"href":"https:\/\/santidiving.com\/pl\/wp-json\/wp\/v2\/types\/product"}],"replies":[{"embeddable":true,"href":"https:\/\/santidiving.com\/pl\/wp-json\/wp\/v2\/comments?post=3427"}],"wp:featuredmedia":[{"embeddable":true,"href":"https:\/\/santidiving.com\/pl\/wp-json\/wp\/v2\/media\/2358"}],"wp:attachment":[{"href":"https:\/\/santidiving.com\/pl\/wp-json\/wp\/v2\/media?parent=3427"}],"wp:term":[{"taxonomy":"product_brand","embeddable":true,"href":"https:\/\/santidiving.com\/pl\/wp-json\/wp\/v2\/product_brand?post=3427"},{"taxonomy":"product_cat","embeddable":true,"href":"https:\/\/santidiving.com\/pl\/wp-json\/wp\/v2\/product_cat?post=3427"},{"taxonomy":"product_tag","embeddable":true,"href":"https:\/\/santidiving.com\/pl\/wp-json\/wp\/v2\/product_tag?post=3427"}],"curies":[{"name":"wp","href":"https:\/\/api.w.org\/{rel}","templated":true}]}}