{"id":3432,"date":"2023-12-01T16:43:16","date_gmt":"2023-12-01T15:43:16","guid":{"rendered":"https:\/\/santidiving.com\/product\/szorty-scuba-denim\/"},"modified":"2025-11-26T09:51:23","modified_gmt":"2025-11-26T08:51:23","slug":"szorty-scuba-denim","status":"publish","type":"product","link":"https:\/\/santidiving.com\/pl\/produkt\/szorty-scuba-denim\/","title":{"rendered":"Szorty SCUBA DENIM"},"content":{"rendered":"<p><strong><span style=\"color: #000000\">Szorty SCUBA\u00a0DENIM<\/span><\/strong><\/p>\n<p><span style=\"color: #000000\">Zaprojektowane dla dynamicznych pasjonat\u00f3w r\u00f3\u017cnych aktywno\u015bci ceni\u0105cych jako\u015b\u0107 i wielofunkcyjno\u015b\u0107. Szorty w ciemno grafitowym kolorze z tkaniny z efektem sprania, kt\u00f3ry nadaje im niepowtarzalny, unikatowy charakter.<\/span><\/p>\n<p><span style=\"color: #000000\">Spodenki wykonane s\u0105 z elastycznej tkaniny Scuba Denim, specjalnie impregnowanego jeansu, bardziej odpornego na nasi\u0105kanie wod\u0105. W odr\u00f3\u017cnieniu od tradycyjnego jeansu ten jest wygodniejszy i lepiej si\u0119 uk\u0142ada. W newralgicznym punkcie, nara\u017conym na przetarcie (ty\u0142) wzmocnione niezwykle wytrzyma\u0142\u0105 na uszkodzenia tkanin\u0105 KEVLAR.<\/span><\/p>\n<p><span style=\"color: #000000\">Starannie zaplanowane detale tworz\u0105 unikatowy charakter tych spodenek oraz sprawiaj\u0105, \u017ce model jest funkcjonalny zar\u00f3wno w mie\u015bcie jak i podczas wypraw.<\/span><\/p>\n<p>&nbsp;<\/p>\n","protected":false},"excerpt":{"rendered":"<p><strong>Funkcjonalno\u015b\u0107:<\/strong><\/p>\n<ul>\n<li>praktyczne kieszenie zapinane na zamki, kt\u00f3re zabezpieczaj\u0105 osobiste drobiazgi podczas ruchu,<\/li>\n<li>dodatkowa kieszonka na telefon kom\u00f3rkowy, zawieszka na klucze,<\/li>\n<li>umocnienia tkanin\u0105 odporn\u0105 na \u015bcieralno\u015b\u0107, z logotypem SANTI Diving Equipment.<\/li>\n<\/ul>\n<p><strong>Sk\u0142ad:<\/strong><\/p>\n<ul>\n<li>tkanina g\u0142\u00f3wna: 69,5% bawe\u0142na, 3,5% elastan, 27% poliester,<\/li>\n<li>tkanina kontrastowa: 77% nylon, 16% poliester, 7% spandex ripstop.<\/li>\n<\/ul>\n<p><strong>Rozmiary:<\/strong><\/p>\n<ul>\n<li>M, L, XL, XXL.<\/li>\n<\/ul>\n","protected":false},"featured_media":2979,"comment_status":"closed","ping_status":"closed","template":"","meta":{"_acf_changed":false,"inline_featured_image":false},"product_brand":[],"product_cat":[139,169],"product_tag":[],"class_list":{"0":"post-3432","1":"product","2":"type-product","3":"status-publish","4":"has-post-thumbnail","6":"product_cat-spodnie-meskie","7":"product_cat-spodnie","9":"first","10":"instock","11":"purchasable","12":"product-type-variable","13":"wvs-archive-product-wrapper"},"acf":[],"_links":{"self":[{"href":"https:\/\/santidiving.com\/pl\/wp-json\/wp\/v2\/product\/3432","targetHints":{"allow":["GET"]}}],"collection":[{"href":"https:\/\/santidiving.com\/pl\/wp-json\/wp\/v2\/product"}],"about":[{"href":"https:\/\/santidiving.com\/pl\/wp-json\/wp\/v2\/types\/product"}],"replies":[{"embeddable":true,"href":"https:\/\/santidiving.com\/pl\/wp-json\/wp\/v2\/comments?post=3432"}],"wp:featuredmedia":[{"embeddable":true,"href":"https:\/\/santidiving.com\/pl\/wp-json\/wp\/v2\/media\/2979"}],"wp:attachment":[{"href":"https:\/\/santidiving.com\/pl\/wp-json\/wp\/v2\/media?parent=3432"}],"wp:term":[{"taxonomy":"product_brand","embeddable":true,"href":"https:\/\/santidiving.com\/pl\/wp-json\/wp\/v2\/product_brand?post=3432"},{"taxonomy":"product_cat","embeddable":true,"href":"https:\/\/santidiving.com\/pl\/wp-json\/wp\/v2\/product_cat?post=3432"},{"taxonomy":"product_tag","embeddable":true,"href":"https:\/\/santidiving.com\/pl\/wp-json\/wp\/v2\/product_tag?post=3432"}],"curies":[{"name":"wp","href":"https:\/\/api.w.org\/{rel}","templated":true}]}}