{"id":3448,"date":"2023-12-01T16:43:16","date_gmt":"2023-12-01T15:43:16","guid":{"rendered":"https:\/\/santidiving.com\/product\/zestaw-zapasowych-oringow-do-systemu-smartgloves\/"},"modified":"2025-05-26T15:34:15","modified_gmt":"2025-05-26T13:34:15","slug":"zestaw-zapasowych-oringow-do-systemu-smartgloves","status":"publish","type":"product","link":"https:\/\/santidiving.com\/pl\/produkt\/zestaw-zapasowych-oringow-do-systemu-smartgloves\/","title":{"rendered":"Zestaw zapasowych oring\u00f3w do systemu SmartGloves"},"content":{"rendered":"<p>Zestaw zawiera komplet oring\u00f3w do obu r\u0119kawic &#8211; 4 oringi wykonane z gumy o podwy\u017cszonej trwa\u0142o\u015bci.<\/p>\n","protected":false},"excerpt":{"rendered":"<ul>\n<li>2 sztuki o wymiarze 80&#215;3, twardo\u015b\u0107 70 ShA, gumy EPDM<\/li>\n<li>2 sztuki o wymiarze 80&#215;4,5, twardo\u015b\u0107 70 ShA, guma EPDM<\/li>\n<\/ul>\n","protected":false},"featured_media":2995,"comment_status":"closed","ping_status":"closed","template":"","meta":{"_acf_changed":false,"inline_featured_image":false},"product_brand":[],"product_cat":[127],"product_tag":[],"class_list":{"0":"post-3448","1":"product","2":"type-product","3":"status-publish","4":"has-post-thumbnail","6":"product_cat-akcesoria","8":"first","9":"instock","10":"purchasable","11":"product-type-simple"},"acf":[],"_links":{"self":[{"href":"https:\/\/santidiving.com\/pl\/wp-json\/wp\/v2\/product\/3448","targetHints":{"allow":["GET"]}}],"collection":[{"href":"https:\/\/santidiving.com\/pl\/wp-json\/wp\/v2\/product"}],"about":[{"href":"https:\/\/santidiving.com\/pl\/wp-json\/wp\/v2\/types\/product"}],"replies":[{"embeddable":true,"href":"https:\/\/santidiving.com\/pl\/wp-json\/wp\/v2\/comments?post=3448"}],"wp:featuredmedia":[{"embeddable":true,"href":"https:\/\/santidiving.com\/pl\/wp-json\/wp\/v2\/media\/2995"}],"wp:attachment":[{"href":"https:\/\/santidiving.com\/pl\/wp-json\/wp\/v2\/media?parent=3448"}],"wp:term":[{"taxonomy":"product_brand","embeddable":true,"href":"https:\/\/santidiving.com\/pl\/wp-json\/wp\/v2\/product_brand?post=3448"},{"taxonomy":"product_cat","embeddable":true,"href":"https:\/\/santidiving.com\/pl\/wp-json\/wp\/v2\/product_cat?post=3448"},{"taxonomy":"product_tag","embeddable":true,"href":"https:\/\/santidiving.com\/pl\/wp-json\/wp\/v2\/product_tag?post=3448"}],"curies":[{"name":"wp","href":"https:\/\/api.w.org\/{rel}","templated":true}]}}