{"id":3472,"date":"2023-12-01T16:43:20","date_gmt":"2023-12-01T15:43:20","guid":{"rendered":"https:\/\/santidiving.com\/product\/kaptur-11\/"},"modified":"2025-05-26T16:34:12","modified_gmt":"2025-05-26T14:34:12","slug":"kaptur-11","status":"publish","type":"product","link":"https:\/\/santidiving.com\/pl\/produkt\/kaptur-11\/","title":{"rendered":"Kaptur 11"},"content":{"rendered":"<p>Specyfikacja:<\/p>\n<ul>\n<li>gruby kaptur o innowacyjnym kroju,<\/li>\n<li>uszyty z bardzo elastycznego neoprenu,<\/li>\n<li>zewn\u0119trzna pow\u0142oka pokryta jerseyem,<\/li>\n<li>wewn\u0119trzna pow\u0142oka typu \u201esmooth skin\u201d,<\/li>\n<li>doskonale dopasowuje si\u0119 do kszta\u0142tu g\u0142owy,<\/li>\n<li>\u0142atwy w zak\u0142adaniu i zdejmowaniu, nawet po namoczeniu,<\/li>\n<li>bardzo wygodny, w mniejszym stopniu ulega kompresji.<\/li>\n<\/ul>\n","protected":false},"excerpt":{"rendered":"<ul>\n<li>rozmiary: S, M, L, XL, 2XL, 3XL.<\/li>\n<\/ul>\n","protected":false},"featured_media":3032,"comment_status":"closed","ping_status":"closed","template":"","meta":{"_acf_changed":false,"inline_featured_image":false},"product_brand":[],"product_cat":[127],"product_tag":[],"class_list":{"0":"post-3472","1":"product","2":"type-product","3":"status-publish","4":"has-post-thumbnail","6":"product_cat-akcesoria","8":"first","9":"instock","10":"purchasable","11":"product-type-simple"},"acf":[],"_links":{"self":[{"href":"https:\/\/santidiving.com\/pl\/wp-json\/wp\/v2\/product\/3472","targetHints":{"allow":["GET"]}}],"collection":[{"href":"https:\/\/santidiving.com\/pl\/wp-json\/wp\/v2\/product"}],"about":[{"href":"https:\/\/santidiving.com\/pl\/wp-json\/wp\/v2\/types\/product"}],"replies":[{"embeddable":true,"href":"https:\/\/santidiving.com\/pl\/wp-json\/wp\/v2\/comments?post=3472"}],"wp:featuredmedia":[{"embeddable":true,"href":"https:\/\/santidiving.com\/pl\/wp-json\/wp\/v2\/media\/3032"}],"wp:attachment":[{"href":"https:\/\/santidiving.com\/pl\/wp-json\/wp\/v2\/media?parent=3472"}],"wp:term":[{"taxonomy":"product_brand","embeddable":true,"href":"https:\/\/santidiving.com\/pl\/wp-json\/wp\/v2\/product_brand?post=3472"},{"taxonomy":"product_cat","embeddable":true,"href":"https:\/\/santidiving.com\/pl\/wp-json\/wp\/v2\/product_cat?post=3472"},{"taxonomy":"product_tag","embeddable":true,"href":"https:\/\/santidiving.com\/pl\/wp-json\/wp\/v2\/product_tag?post=3472"}],"curies":[{"name":"wp","href":"https:\/\/api.w.org\/{rel}","templated":true}]}}