{"id":3479,"date":"2023-12-01T16:43:23","date_gmt":"2023-12-01T15:43:23","guid":{"rendered":"https:\/\/santidiving.com\/product\/silver-moon-expedition-jacket\/"},"modified":"2025-05-26T15:22:17","modified_gmt":"2025-05-26T13:22:17","slug":"silver-moon-expedition-jacket","status":"publish","type":"product","link":"https:\/\/santidiving.com\/pl\/produkt\/silver-moon-expedition-jacket\/","title":{"rendered":"Silver Moon Expedition Jacket"},"content":{"rendered":"<p>Kurtka Expedition Silver Moon wchodzi w sk\u0142ad limitowanej serii Silver Moon, upami\u0119tniaj\u0105cej 50 rocznic\u0119 l\u0105dowania cz\u0142owieka na ksi\u0119\u017cycu, kt\u00f3r\u0105 Santi wspiera i promuje poprzez dedykowan\u0105 seri\u0119 produkt\u00f3w\u00a0 o nazwie Silver Moon. Jest to kolejny produkt linii Santi stworzony z my\u015bl\u0105 o potrzebach nurk\u00f3w na najbardziej niezawodny sprz\u0119t w najsurowszych warunkach pogodowych.<\/p>\n<p>Kurtka wyposa\u017cona jest w 8 r\u00f3\u017cnych kieszeni wewn\u0119trznych i zewn\u0119trznych na wszystko, co potrzebne jest pod r\u0119k\u0105 podczas ekspedycji i na co dzie\u0144. Chowany w ko\u0142nierz kaptur posiada specjalny, regulowany w dw\u00f3ch p\u0142aszczyznach kszta\u0142t z wizjerami po bokach, idealny na sztormowe dni. Na r\u0119kawach i dole kurtki znajduj\u0105 si\u0119 wzmocnienia ze specjalnego, wodoodpornego, wytrzyma\u0142ego na brud, przetarcia i t\u0142uste substancje materia\u0142u Reflexgarn z odblaskowym wzorem w kszta\u0142cie plastra miodu.<br \/>\nNe lewym r\u0119kawie znajduje si\u0119 specjalny rzep, do kt\u00f3rego mo\u017cna przyczepi\u0107 dowolny emblemat z imieniem, flag\u0105 lub logo. Pikowana, wewn\u0119trzna ocieplina poliestrowa zapewnia komfort cieplny oraz lekko\u015b\u0107 i \u0142atwo\u015b\u0107 w praniu oraz u\u017cytkowaniu.<\/p>\n","protected":false},"excerpt":{"rendered":"<p><strong>Szczeg\u00f3\u0142y:<\/strong><\/p>\n<ul>\n<li>tkanina zewn\u0119trzna: 100% poliester, oddychaj\u0105ca wodoszczelna MVP<\/li>\n<li>podszewka \u2013 pikowany poliester 100%<\/li>\n<li>chowany kaptur i ko\u0142nierz, chroni\u0105cy przed niesprzyjaj\u0105cymi warunkami pogodowymi, wyko\u0144czone dzianin\u0105 polarow\u0105<\/li>\n<li>klejone g\u0142\u00f3wne szwy<\/li>\n<li>bryzgoszczelne zamki na r\u0119kawie<\/li>\n<li>odblaskowe napisy<\/li>\n<li>rzep na emblematy<\/li>\n<li>mankiety regulowane rzepami<\/li>\n<li>8 ergonomicznych kieszeni<\/li>\n<li>mankiety polarowo poliestrowe chroni\u0105ce d\u0142onie<\/li>\n<li>miejsca nara\u017cone na zu\u017cycie i uszkodzenia wzmocnione specjaln\u0105 grub\u0105 tkanin\u0105 Reflexgarn odblaskow\u0105 o wzorze plastra miodu<\/li>\n<li>specjalny \u015bci\u0105gacz wewn\u0119trzny w pasie, chroni\u0105cy przed wiatrem i utrat\u0105 temperatury<\/li>\n<li>nowe, wzmocnione pullery zamka g\u0142\u00f3wnego<\/li>\n<li>rozmiary: S, M, L, XL, XXL<\/li>\n<\/ul>\n","protected":false},"featured_media":3057,"comment_status":"closed","ping_status":"closed","template":"","meta":{"_acf_changed":false,"inline_featured_image":false},"product_brand":[],"product_cat":[168,138],"product_tag":[],"class_list":{"0":"post-3479","1":"product","2":"type-product","3":"status-publish","4":"has-post-thumbnail","6":"product_cat-kurtki","7":"product_cat-kurtki-meskie","9":"first","10":"instock","11":"purchasable","12":"product-type-simple"},"acf":[],"_links":{"self":[{"href":"https:\/\/santidiving.com\/pl\/wp-json\/wp\/v2\/product\/3479","targetHints":{"allow":["GET"]}}],"collection":[{"href":"https:\/\/santidiving.com\/pl\/wp-json\/wp\/v2\/product"}],"about":[{"href":"https:\/\/santidiving.com\/pl\/wp-json\/wp\/v2\/types\/product"}],"replies":[{"embeddable":true,"href":"https:\/\/santidiving.com\/pl\/wp-json\/wp\/v2\/comments?post=3479"}],"wp:featuredmedia":[{"embeddable":true,"href":"https:\/\/santidiving.com\/pl\/wp-json\/wp\/v2\/media\/3057"}],"wp:attachment":[{"href":"https:\/\/santidiving.com\/pl\/wp-json\/wp\/v2\/media?parent=3479"}],"wp:term":[{"taxonomy":"product_brand","embeddable":true,"href":"https:\/\/santidiving.com\/pl\/wp-json\/wp\/v2\/product_brand?post=3479"},{"taxonomy":"product_cat","embeddable":true,"href":"https:\/\/santidiving.com\/pl\/wp-json\/wp\/v2\/product_cat?post=3479"},{"taxonomy":"product_tag","embeddable":true,"href":"https:\/\/santidiving.com\/pl\/wp-json\/wp\/v2\/product_tag?post=3479"}],"curies":[{"name":"wp","href":"https:\/\/api.w.org\/{rel}","templated":true}]}}