{"id":3486,"date":"2023-12-01T16:43:27","date_gmt":"2023-12-01T15:43:27","guid":{"rendered":"https:\/\/santidiving.com\/product\/t-shirt-baltictech-19-2\/"},"modified":"2025-05-26T16:32:32","modified_gmt":"2025-05-26T14:32:32","slug":"t-shirt-baltictech-19-2","status":"publish","type":"product","link":"https:\/\/santidiving.com\/pl\/produkt\/t-shirt-baltictech-19-2\/","title":{"rendered":"T-shirt Baltictech &#8217;19"},"content":{"rendered":"<p><span style=\"font-size: x-small;\"><strong>T-shirt z wyj\u0105tkowym nadrukiem<\/strong><\/span><\/p>\n<table style=\"vertical-align: bottom; text-align: left; padding: 5px; width: 550px; height: 160px; background: transparent;\" border=\"0\" cellspacing=\"0\" cellpadding=\"0\">\n<tbody>\n<tr>\n<td width=\"30\"><\/td>\n<td style=\"text-align: center;\"><strong>S<\/strong><\/td>\n<td style=\"text-align: center;\"><strong>M<\/strong><\/td>\n<td style=\"text-align: center;\"><strong>L<\/strong><\/td>\n<td style=\"text-align: center;\"><strong>XL<\/strong><\/td>\n<\/tr>\n<tr>\n<td><strong>klatka piersiowa<\/strong><\/td>\n<td style=\"text-align: center;\">88<\/td>\n<td style=\"text-align: center;\">92<\/td>\n<td style=\"text-align: center;\">96<\/td>\n<td style=\"text-align: center;\">100<\/td>\n<\/tr>\n<tr>\n<td><strong>wzrost<\/strong><\/td>\n<td style=\"text-align: center;\">164<\/td>\n<td style=\"text-align: center;\">168<\/td>\n<td style=\"text-align: center;\">172<\/td>\n<td style=\"text-align: center;\">176<\/td>\n<\/tr>\n<\/tbody>\n<\/table>\n<p><span style=\"font-size: 8pt;\"><em>\u00a0*\u00a0Podane wymiary dotycz\u0105 wymiar\u00f3w sylwetki, a nie produkt\u00f3w.<\/em><\/span><\/p>\n","protected":false},"excerpt":{"rendered":"<p>&#8211; 95%\u00a0bawe\u0142na<br \/>\n&#8211; 5% elastan<\/p>\n","protected":false},"featured_media":4076,"comment_status":"closed","ping_status":"closed","template":"","meta":{"_acf_changed":false,"inline_featured_image":false},"product_brand":[],"product_cat":[133,170],"product_tag":[],"class_list":{"0":"post-3486","1":"product","2":"type-product","3":"status-publish","4":"has-post-thumbnail","6":"product_cat-t-shirty-damskie","7":"product_cat-t-shirty","9":"first","10":"outofstock","11":"product-type-variable","12":"wvs-archive-product-wrapper"},"acf":[],"_links":{"self":[{"href":"https:\/\/santidiving.com\/pl\/wp-json\/wp\/v2\/product\/3486","targetHints":{"allow":["GET"]}}],"collection":[{"href":"https:\/\/santidiving.com\/pl\/wp-json\/wp\/v2\/product"}],"about":[{"href":"https:\/\/santidiving.com\/pl\/wp-json\/wp\/v2\/types\/product"}],"replies":[{"embeddable":true,"href":"https:\/\/santidiving.com\/pl\/wp-json\/wp\/v2\/comments?post=3486"}],"wp:featuredmedia":[{"embeddable":true,"href":"https:\/\/santidiving.com\/pl\/wp-json\/wp\/v2\/media\/4076"}],"wp:attachment":[{"href":"https:\/\/santidiving.com\/pl\/wp-json\/wp\/v2\/media?parent=3486"}],"wp:term":[{"taxonomy":"product_brand","embeddable":true,"href":"https:\/\/santidiving.com\/pl\/wp-json\/wp\/v2\/product_brand?post=3486"},{"taxonomy":"product_cat","embeddable":true,"href":"https:\/\/santidiving.com\/pl\/wp-json\/wp\/v2\/product_cat?post=3486"},{"taxonomy":"product_tag","embeddable":true,"href":"https:\/\/santidiving.com\/pl\/wp-json\/wp\/v2\/product_tag?post=3486"}],"curies":[{"name":"wp","href":"https:\/\/api.w.org\/{rel}","templated":true}]}}