{"id":3487,"date":"2023-12-01T16:43:27","date_gmt":"2023-12-01T15:43:27","guid":{"rendered":"https:\/\/santidiving.com\/product\/ksiazka-droga-smierci-pl\/"},"modified":"2025-05-26T15:46:09","modified_gmt":"2025-05-26T13:46:09","slug":"ksiazka-droga-smierci-pl","status":"publish","type":"product","link":"https:\/\/santidiving.com\/pl\/produkt\/ksiazka-droga-smierci-pl\/","title":{"rendered":"Ksi\u0105\u017cka &#8222;DROGA \u015aMIERCI&#8221; (PL)"},"content":{"rendered":"<p>Poznaj niezwyk\u0142\u0105 histori\u0119 operacji Hannibal &#8211; najwi\u0119kszej morskiej ewakuacji \u015awiata. Ewakuacji przeprowadzonej przez Niemc\u00f3w pod koniec Drugiej Wojny \u015awiatowej, celem uratowania cywil\u00f3w zamieszkuj\u0105cych Prusy Wschodnie oraz resztek niemieckiej Armii spychanej przez Rosjan do brzeg\u00f3w zatoki Gda\u0144skiej.<\/p>\n<p>Ksi\u0105\u017cka \u201eDroga \u015amierci&#8221; opisuje losy tej\u00a0 wielkiej\u00a0 operacji\u00a0 od strony bior\u0105cych w niej udzia\u0142 statk\u00f3w i okr\u0119t\u00f3w a zw\u0142aszcza tych, kt\u00f3re spocz\u0119\u0142y na dnie Ba\u0142tyku.<\/p>\n<p>Na blisko 200 stronach opisane s\u0105 ostatnie dni wojny na froncie wschodnim. Nigdy dot\u0105d niepublikowane zdj\u0119cia podwodne wrak\u00f3w Wilhelm Gustloff, Goya oraz Steuben w dobitny spos\u00f3b pokazuj\u0105 ogrom tragedii.<\/p>\n<p>&nbsp;<\/p>\n","protected":false},"excerpt":{"rendered":"<p>ISBN: 9788395657603<\/p>\n<p><strong>Uwaga! Ksi\u0105\u017cka dost\u0119pna r\u00f3wnie\u017c w sieci sprzeda\u017cy Santi Diving,\u00a0<a href=\"https:\/\/santidiving.com\/znajdz-dilera,34,pl\" target=\"_blank\" rel=\"noopener\">znajd\u017a sklep tutaj<\/a>.<\/strong><\/p>\n","protected":false},"featured_media":3101,"comment_status":"closed","ping_status":"closed","template":"","meta":{"_acf_changed":false,"inline_featured_image":false},"product_brand":[],"product_cat":[127],"product_tag":[],"class_list":{"0":"post-3487","1":"product","2":"type-product","3":"status-publish","4":"has-post-thumbnail","6":"product_cat-akcesoria","8":"first","9":"instock","10":"purchasable","11":"product-type-simple"},"acf":[],"_links":{"self":[{"href":"https:\/\/santidiving.com\/pl\/wp-json\/wp\/v2\/product\/3487","targetHints":{"allow":["GET"]}}],"collection":[{"href":"https:\/\/santidiving.com\/pl\/wp-json\/wp\/v2\/product"}],"about":[{"href":"https:\/\/santidiving.com\/pl\/wp-json\/wp\/v2\/types\/product"}],"replies":[{"embeddable":true,"href":"https:\/\/santidiving.com\/pl\/wp-json\/wp\/v2\/comments?post=3487"}],"wp:featuredmedia":[{"embeddable":true,"href":"https:\/\/santidiving.com\/pl\/wp-json\/wp\/v2\/media\/3101"}],"wp:attachment":[{"href":"https:\/\/santidiving.com\/pl\/wp-json\/wp\/v2\/media?parent=3487"}],"wp:term":[{"taxonomy":"product_brand","embeddable":true,"href":"https:\/\/santidiving.com\/pl\/wp-json\/wp\/v2\/product_brand?post=3487"},{"taxonomy":"product_cat","embeddable":true,"href":"https:\/\/santidiving.com\/pl\/wp-json\/wp\/v2\/product_cat?post=3487"},{"taxonomy":"product_tag","embeddable":true,"href":"https:\/\/santidiving.com\/pl\/wp-json\/wp\/v2\/product_tag?post=3487"}],"curies":[{"name":"wp","href":"https:\/\/api.w.org\/{rel}","templated":true}]}}