{"id":3492,"date":"2023-12-01T16:43:27","date_gmt":"2023-12-01T15:43:27","guid":{"rendered":"https:\/\/santidiving.com\/product\/santi-black-mask\/"},"modified":"2025-05-26T15:56:24","modified_gmt":"2025-05-26T13:56:24","slug":"santi-black-mask","status":"publish","type":"product","link":"https:\/\/santidiving.com\/pl\/produkt\/santi-black-mask\/","title":{"rendered":"SANTI Black mask"},"content":{"rendered":"<p>Santi black mask<\/p>\n<ul>\n<li>kolor czerwono czarny<\/li>\n<li>elastyczny pas na g\u0142ow\u0119<\/li>\n<li>kompatybilna z wi\u0119kszo\u015bci\u0105 masek nurkowych<\/li>\n<\/ul>\n","protected":false},"excerpt":{"rendered":"<ul>\n<li>wykonana z 3mm neoprenu<\/li>\n<\/ul>\n","protected":false},"featured_media":3118,"comment_status":"closed","ping_status":"closed","template":"","meta":{"_acf_changed":false,"inline_featured_image":false},"product_brand":[],"product_cat":[127],"product_tag":[],"class_list":{"0":"post-3492","1":"product","2":"type-product","3":"status-publish","4":"has-post-thumbnail","6":"product_cat-akcesoria","8":"first","9":"instock","10":"purchasable","11":"product-type-simple"},"acf":[],"_links":{"self":[{"href":"https:\/\/santidiving.com\/pl\/wp-json\/wp\/v2\/product\/3492","targetHints":{"allow":["GET"]}}],"collection":[{"href":"https:\/\/santidiving.com\/pl\/wp-json\/wp\/v2\/product"}],"about":[{"href":"https:\/\/santidiving.com\/pl\/wp-json\/wp\/v2\/types\/product"}],"replies":[{"embeddable":true,"href":"https:\/\/santidiving.com\/pl\/wp-json\/wp\/v2\/comments?post=3492"}],"wp:featuredmedia":[{"embeddable":true,"href":"https:\/\/santidiving.com\/pl\/wp-json\/wp\/v2\/media\/3118"}],"wp:attachment":[{"href":"https:\/\/santidiving.com\/pl\/wp-json\/wp\/v2\/media?parent=3492"}],"wp:term":[{"taxonomy":"product_brand","embeddable":true,"href":"https:\/\/santidiving.com\/pl\/wp-json\/wp\/v2\/product_brand?post=3492"},{"taxonomy":"product_cat","embeddable":true,"href":"https:\/\/santidiving.com\/pl\/wp-json\/wp\/v2\/product_cat?post=3492"},{"taxonomy":"product_tag","embeddable":true,"href":"https:\/\/santidiving.com\/pl\/wp-json\/wp\/v2\/product_tag?post=3492"}],"curies":[{"name":"wp","href":"https:\/\/api.w.org\/{rel}","templated":true}]}}