{"id":3494,"date":"2023-12-01T16:43:27","date_gmt":"2023-12-01T15:43:27","guid":{"rendered":"https:\/\/santidiving.com\/product\/koszulka-ekspedycyjna-odnalezc-orla-2020\/"},"modified":"2025-05-26T16:25:28","modified_gmt":"2025-05-26T14:25:28","slug":"koszulka-ekspedycyjna-odnalezc-orla-2020","status":"publish","type":"product","link":"https:\/\/santidiving.com\/pl\/produkt\/koszulka-ekspedycyjna-odnalezc-orla-2020\/","title":{"rendered":"Koszulka ekspedycyjna \u201cODNALE\u0179\u0106 OR\u0141A 2020\u201d"},"content":{"rendered":"<p>Koszulka w kolorze czarnym o wygodnym kroju, wykonana z wysokiej jako\u015bci bawe\u0142ny.<\/p>\n<p>Sygnowana na przodzie oraz karku logo ekspedycji &#8222;Odnale\u017a\u0107 Or\u0142a 2020&#8221;, a na ramionach logo partner\u00f3w ekspedycji \u2013 Sea War Museum Jutland oraz SANTI.<\/p>\n<p>&nbsp;<\/p>\n","protected":false},"excerpt":{"rendered":"<p>95% bawe\u0142na<br \/>\n5% elastan<\/p>\n<p>Instrukcja prania:<\/p>\n<ul>\n<li>100% bawe\u0142na<\/li>\n<li>Pra\u0107 w temp. do 30C.<\/li>\n<li>Prasowa\u0107 w temp. do 150C.<\/li>\n<li>Pra\u0107 w \u0142agodnych \u015brodkach pior\u0105cych do kolor\u00f3w.<\/li>\n<li>Nie chlorowa\u0107.<\/li>\n<li>Nie stosowa\u0107 wybielaczy.<\/li>\n<li>Nie czy\u015bci\u0107 chemicznie.<\/li>\n<li>Uformowa\u0107 wyr\u00f3b na mokro przed suszeniem.<\/li>\n<\/ul>\n","protected":false},"featured_media":3126,"comment_status":"closed","ping_status":"closed","template":"","meta":{"_acf_changed":false,"inline_featured_image":false},"product_brand":[],"product_cat":[140,170],"product_tag":[],"class_list":{"0":"post-3494","1":"product","2":"type-product","3":"status-publish","4":"has-post-thumbnail","6":"product_cat-t-shirty-meskie","7":"product_cat-t-shirty","9":"first","10":"instock","11":"purchasable","12":"product-type-variable","13":"wvs-archive-product-wrapper"},"acf":[],"_links":{"self":[{"href":"https:\/\/santidiving.com\/pl\/wp-json\/wp\/v2\/product\/3494","targetHints":{"allow":["GET"]}}],"collection":[{"href":"https:\/\/santidiving.com\/pl\/wp-json\/wp\/v2\/product"}],"about":[{"href":"https:\/\/santidiving.com\/pl\/wp-json\/wp\/v2\/types\/product"}],"replies":[{"embeddable":true,"href":"https:\/\/santidiving.com\/pl\/wp-json\/wp\/v2\/comments?post=3494"}],"wp:featuredmedia":[{"embeddable":true,"href":"https:\/\/santidiving.com\/pl\/wp-json\/wp\/v2\/media\/3126"}],"wp:attachment":[{"href":"https:\/\/santidiving.com\/pl\/wp-json\/wp\/v2\/media?parent=3494"}],"wp:term":[{"taxonomy":"product_brand","embeddable":true,"href":"https:\/\/santidiving.com\/pl\/wp-json\/wp\/v2\/product_brand?post=3494"},{"taxonomy":"product_cat","embeddable":true,"href":"https:\/\/santidiving.com\/pl\/wp-json\/wp\/v2\/product_cat?post=3494"},{"taxonomy":"product_tag","embeddable":true,"href":"https:\/\/santidiving.com\/pl\/wp-json\/wp\/v2\/product_tag?post=3494"}],"curies":[{"name":"wp","href":"https:\/\/api.w.org\/{rel}","templated":true}]}}