{"id":3496,"date":"2023-12-01T16:43:30","date_gmt":"2023-12-01T15:43:30","guid":{"rendered":"https:\/\/santidiving.com\/product\/koszulka-ekspedycyjna-odnalezc-orla-2019\/"},"modified":"2026-03-09T09:26:53","modified_gmt":"2026-03-09T08:26:53","slug":"koszulka-ekspedycyjna-odnalezc-orla-2019","status":"publish","type":"product","link":"https:\/\/santidiving.com\/pl\/produkt\/koszulka-ekspedycyjna-odnalezc-orla-2019\/","title":{"rendered":"Koszulka ekspedycyjna \u201cODNALE\u0179\u0106 OR\u0141A 2019&#8243;"},"content":{"rendered":"<p>Koszulka wykonana z 100% bawe\u0142ny, o wygodnym kroju, twarzowym, grafitowym kolorze, z logo ekspedycji \u201cOdnale\u017a\u0107 Or\u0142a 2019\u201d na przodzie i logo partner\u00f3w ekspedycji na ramieniu i plecach. Model noszony przez cz\u0142onk\u00f3w ekspedycji w 2019.<\/p>\n<p>&nbsp;<\/p>\n","protected":false},"excerpt":{"rendered":"<p>Gramatura 205 g\/m\u00b2<br \/>\n100% bawe\u0142na<\/p>\n","protected":false},"featured_media":3132,"comment_status":"closed","ping_status":"closed","template":"","meta":{"_acf_changed":false,"inline_featured_image":false},"product_brand":[],"product_cat":[140,170],"product_tag":[],"class_list":{"0":"post-3496","1":"product","2":"type-product","3":"status-publish","4":"has-post-thumbnail","6":"product_cat-t-shirty-meskie","7":"product_cat-t-shirty","9":"first","10":"instock","11":"purchasable","12":"product-type-variable","13":"wvs-archive-product-wrapper"},"acf":[],"_links":{"self":[{"href":"https:\/\/santidiving.com\/pl\/wp-json\/wp\/v2\/product\/3496","targetHints":{"allow":["GET"]}}],"collection":[{"href":"https:\/\/santidiving.com\/pl\/wp-json\/wp\/v2\/product"}],"about":[{"href":"https:\/\/santidiving.com\/pl\/wp-json\/wp\/v2\/types\/product"}],"replies":[{"embeddable":true,"href":"https:\/\/santidiving.com\/pl\/wp-json\/wp\/v2\/comments?post=3496"}],"wp:featuredmedia":[{"embeddable":true,"href":"https:\/\/santidiving.com\/pl\/wp-json\/wp\/v2\/media\/3132"}],"wp:attachment":[{"href":"https:\/\/santidiving.com\/pl\/wp-json\/wp\/v2\/media?parent=3496"}],"wp:term":[{"taxonomy":"product_brand","embeddable":true,"href":"https:\/\/santidiving.com\/pl\/wp-json\/wp\/v2\/product_brand?post=3496"},{"taxonomy":"product_cat","embeddable":true,"href":"https:\/\/santidiving.com\/pl\/wp-json\/wp\/v2\/product_cat?post=3496"},{"taxonomy":"product_tag","embeddable":true,"href":"https:\/\/santidiving.com\/pl\/wp-json\/wp\/v2\/product_tag?post=3496"}],"curies":[{"name":"wp","href":"https:\/\/api.w.org\/{rel}","templated":true}]}}