{"id":3500,"date":"2023-12-01T16:43:30","date_gmt":"2023-12-01T15:43:30","guid":{"rendered":"https:\/\/santidiving.com\/product\/t-shirt-odnalezc-orla-szary\/"},"modified":"2025-05-26T16:28:32","modified_gmt":"2025-05-26T14:28:32","slug":"t-shirt-odnalezc-orla-szary","status":"publish","type":"product","link":"https:\/\/santidiving.com\/pl\/produkt\/t-shirt-odnalezc-orla-szary\/","title":{"rendered":"T-shirt \u201cODNALE\u0179\u0106 OR\u0141A&#8221; Szary"},"content":{"rendered":"<p>Koszulka bawe\u0142niana z logiem \u201cSanti Odnale\u017a\u0107 Or\u0142a\u201d<\/p>\n<p>Dodatkowo wszystkie produkty w naszym sklepie s\u0105 sygnowane Oficjalnym logiem ekspedycji lub dodatkowo logami naszych partner\u00f3w.<\/p>\n<p>&nbsp;<\/p>\n","protected":false},"excerpt":{"rendered":"<p>Gramatura 205 g\/m\u00b2<br \/>\n100% bawe\u0142na<\/p>\n","protected":false},"featured_media":3145,"comment_status":"closed","ping_status":"closed","template":"","meta":{"_acf_changed":false,"inline_featured_image":false},"product_brand":[],"product_cat":[140,170],"product_tag":[],"class_list":{"0":"post-3500","1":"product","2":"type-product","3":"status-publish","4":"has-post-thumbnail","6":"product_cat-t-shirty-meskie","7":"product_cat-t-shirty","9":"first","10":"instock","11":"purchasable","12":"product-type-variable","13":"wvs-archive-product-wrapper"},"acf":[],"_links":{"self":[{"href":"https:\/\/santidiving.com\/pl\/wp-json\/wp\/v2\/product\/3500","targetHints":{"allow":["GET"]}}],"collection":[{"href":"https:\/\/santidiving.com\/pl\/wp-json\/wp\/v2\/product"}],"about":[{"href":"https:\/\/santidiving.com\/pl\/wp-json\/wp\/v2\/types\/product"}],"replies":[{"embeddable":true,"href":"https:\/\/santidiving.com\/pl\/wp-json\/wp\/v2\/comments?post=3500"}],"wp:featuredmedia":[{"embeddable":true,"href":"https:\/\/santidiving.com\/pl\/wp-json\/wp\/v2\/media\/3145"}],"wp:attachment":[{"href":"https:\/\/santidiving.com\/pl\/wp-json\/wp\/v2\/media?parent=3500"}],"wp:term":[{"taxonomy":"product_brand","embeddable":true,"href":"https:\/\/santidiving.com\/pl\/wp-json\/wp\/v2\/product_brand?post=3500"},{"taxonomy":"product_cat","embeddable":true,"href":"https:\/\/santidiving.com\/pl\/wp-json\/wp\/v2\/product_cat?post=3500"},{"taxonomy":"product_tag","embeddable":true,"href":"https:\/\/santidiving.com\/pl\/wp-json\/wp\/v2\/product_tag?post=3500"}],"curies":[{"name":"wp","href":"https:\/\/api.w.org\/{rel}","templated":true}]}}