{"id":3503,"date":"2023-12-01T16:43:30","date_gmt":"2023-12-01T15:43:30","guid":{"rendered":"https:\/\/santidiving.com\/product\/bluza-harbour\/"},"modified":"2025-05-26T15:44:53","modified_gmt":"2025-05-26T13:44:53","slug":"bluza-harbour","status":"publish","type":"product","link":"https:\/\/santidiving.com\/pl\/produkt\/bluza-harbour\/","title":{"rendered":"Bluza Harbour"},"content":{"rendered":"<div>\n<ul>\n<li>Wygodna m\u0119ska bluza z kapturem z logo SANTI z przodu w czarnym, matowym kolorze.<\/li>\n<\/ul>\n<ul>\n<li>Wykonana z mi\u0119kkiej w dotyku dzianiny o gramaturze 350 g\/m2 w dw\u00f3ch kontrastuj\u0105cych kolorach: czerwonym i czarnym &#8211; zapewnia maksymalny komfort dla sk\u00f3ry.<\/li>\n<\/ul>\n<ul>\n<li>Mi\u0119kki, wygodny, czarny kaptur \u015bci\u0105gany sznurkiem z silikonowym zako\u0144czeniem dla lepszego dopasowania, wyko\u0144czony dzianin\u0105 bawe\u0142nian\u0105 single jersey w jasnoszarym melan\u017cu.<\/li>\n<\/ul>\n<ul>\n<li>Klasyczny design i styl z przednimi kieszeniami zasuwanymi na suwak, wyko\u0144czona \u015bci\u0105gaczami na dolnej kraw\u0119dzi tu\u0142owia i r\u0119kawach.<\/li>\n<\/ul>\n<p>&nbsp;<\/p>\n<\/div>\n<p>&nbsp;<\/p>\n","protected":false},"excerpt":{"rendered":"<p><strong>Waga materia\u0142u:<\/strong> 350 g\/m2<\/p>\n<p><strong>Sk\u0142ad<\/strong>: 100% bawe\u0142na<\/p>\n","protected":false},"featured_media":3153,"comment_status":"closed","ping_status":"closed","template":"","meta":{"_acf_changed":false,"inline_featured_image":false},"product_brand":[],"product_cat":[167,137],"product_tag":[],"class_list":{"0":"post-3503","1":"product","2":"type-product","3":"status-publish","4":"has-post-thumbnail","6":"product_cat-bluzy","7":"product_cat-bluzy-meskie","9":"first","10":"instock","11":"purchasable","12":"product-type-variable","13":"wvs-archive-product-wrapper"},"acf":[],"_links":{"self":[{"href":"https:\/\/santidiving.com\/pl\/wp-json\/wp\/v2\/product\/3503","targetHints":{"allow":["GET"]}}],"collection":[{"href":"https:\/\/santidiving.com\/pl\/wp-json\/wp\/v2\/product"}],"about":[{"href":"https:\/\/santidiving.com\/pl\/wp-json\/wp\/v2\/types\/product"}],"replies":[{"embeddable":true,"href":"https:\/\/santidiving.com\/pl\/wp-json\/wp\/v2\/comments?post=3503"}],"wp:featuredmedia":[{"embeddable":true,"href":"https:\/\/santidiving.com\/pl\/wp-json\/wp\/v2\/media\/3153"}],"wp:attachment":[{"href":"https:\/\/santidiving.com\/pl\/wp-json\/wp\/v2\/media?parent=3503"}],"wp:term":[{"taxonomy":"product_brand","embeddable":true,"href":"https:\/\/santidiving.com\/pl\/wp-json\/wp\/v2\/product_brand?post=3503"},{"taxonomy":"product_cat","embeddable":true,"href":"https:\/\/santidiving.com\/pl\/wp-json\/wp\/v2\/product_cat?post=3503"},{"taxonomy":"product_tag","embeddable":true,"href":"https:\/\/santidiving.com\/pl\/wp-json\/wp\/v2\/product_tag?post=3503"}],"curies":[{"name":"wp","href":"https:\/\/api.w.org\/{rel}","templated":true}]}}