{"id":3504,"date":"2023-12-01T16:43:30","date_gmt":"2023-12-01T15:43:30","guid":{"rendered":"https:\/\/santidiving.com\/product\/bearskin-polar-bluza\/"},"modified":"2025-05-26T15:20:21","modified_gmt":"2025-05-26T13:20:21","slug":"bearskin-polar-bluza","status":"publish","type":"product","link":"https:\/\/santidiving.com\/pl\/produkt\/bearskin-polar-bluza\/","title":{"rendered":"Bearskin Polar Bluza"},"content":{"rendered":"<p>Nowy zestaw polarowy marki Santi \u2013 Bearskin Expedition Set to po\u0142\u0105czenie ultra ciep\u0142ego polaru 390g\/m2 z bardzo wytrzyma\u0142ym materia\u0142em Kevlar. Idealna odzie\u017c uzupe\u0142niaj\u0105ca zar\u00f3wno po nurkowaniu jak i przed, a tak\u017ce do wszechstronnego zastosowania codziennego. Dzi\u0119ki u\u017cyciu wysokiej jako\u015bci materia\u0142\u00f3w zapewnia wysoki komfort termiczny oraz zapewnia wysok\u0105 wytrzyma\u0142o\u015b\u0107 na warunki zewn\u0119trzne. Kolekcja dedykowana do ochrony i wsparcia podczas najtrudniejszych wypraw. Zaprojektowana z my\u015bl\u0105 o ekstremalnych warunkach pogodowych. Zestaw sk\u0142ada si\u0119 ze spodni polarowych, kurtki, a tak\u017ce kamizelki docieplaj\u0105cej.<\/p>\n<p>&nbsp;<\/p>\n<p>&nbsp;<\/p>\n","protected":false},"excerpt":{"rendered":"<p><strong>Bluza Polar<\/strong><\/p>\n<ul>\n<li>wykonana z ciep\u0142ego i grubego polaru o wysokiej gramaturze 390g\/m2<\/li>\n<li>rozpinana bluza polarowa z wysokim ko\u0142nierzem<\/li>\n<li>posiada 3 przednie kieszenie zamykane na zamek b\u0142yskawiczny<\/li>\n<li>wzmocniona materia\u0142em Kevlar na przedramionach oraz barkach<\/li>\n<li>r\u0119kawy wyko\u0144czone \u015bci\u0105gaczami na rzep<\/li>\n<li>dodatkowy elastyczny \u015bci\u0105gacz biodrowy<\/li>\n<\/ul>\n","protected":false},"featured_media":3158,"comment_status":"closed","ping_status":"closed","template":"","meta":{"_acf_changed":false,"inline_featured_image":false},"product_brand":[],"product_cat":[167,137],"product_tag":[],"class_list":{"0":"post-3504","1":"product","2":"type-product","3":"status-publish","4":"has-post-thumbnail","6":"product_cat-bluzy","7":"product_cat-bluzy-meskie","9":"first","10":"instock","11":"purchasable","12":"product-type-variable","13":"wvs-archive-product-wrapper"},"acf":[],"_links":{"self":[{"href":"https:\/\/santidiving.com\/pl\/wp-json\/wp\/v2\/product\/3504","targetHints":{"allow":["GET"]}}],"collection":[{"href":"https:\/\/santidiving.com\/pl\/wp-json\/wp\/v2\/product"}],"about":[{"href":"https:\/\/santidiving.com\/pl\/wp-json\/wp\/v2\/types\/product"}],"replies":[{"embeddable":true,"href":"https:\/\/santidiving.com\/pl\/wp-json\/wp\/v2\/comments?post=3504"}],"wp:featuredmedia":[{"embeddable":true,"href":"https:\/\/santidiving.com\/pl\/wp-json\/wp\/v2\/media\/3158"}],"wp:attachment":[{"href":"https:\/\/santidiving.com\/pl\/wp-json\/wp\/v2\/media?parent=3504"}],"wp:term":[{"taxonomy":"product_brand","embeddable":true,"href":"https:\/\/santidiving.com\/pl\/wp-json\/wp\/v2\/product_brand?post=3504"},{"taxonomy":"product_cat","embeddable":true,"href":"https:\/\/santidiving.com\/pl\/wp-json\/wp\/v2\/product_cat?post=3504"},{"taxonomy":"product_tag","embeddable":true,"href":"https:\/\/santidiving.com\/pl\/wp-json\/wp\/v2\/product_tag?post=3504"}],"curies":[{"name":"wp","href":"https:\/\/api.w.org\/{rel}","templated":true}]}}