{"id":3512,"date":"2023-12-01T16:43:33","date_gmt":"2023-12-01T15:43:33","guid":{"rendered":"https:\/\/santidiving.com\/product\/czapka-wave\/"},"modified":"2025-05-26T15:54:25","modified_gmt":"2025-05-26T13:54:25","slug":"czapka-wave","status":"publish","type":"product","link":"https:\/\/santidiving.com\/pl\/produkt\/czapka-wave\/","title":{"rendered":"czapka WAVE"},"content":{"rendered":"<p>Wygodna, ciep\u0142a klasyczna czapka unisex o ponadczasowym kroju z wywini\u0119tym brzegiem. Gwarantuje ochron\u0119 przed wiatrem, zimnem i wilgoci\u0105. \u015awietnie nadaje si\u0119 na wiosenne i jesienne dni, zapewnia komfort termiczny r\u00f3wnie\u017c zim\u0105.<\/p>\n<p>Dost\u0119pna w trzech wersjach kolorystycznych.<\/p>\n<p>&nbsp;<\/p>\n","protected":false},"excerpt":{"rendered":"<p><strong>Materia\u0142:<\/strong><\/p>\n<ul>\n<li>70% akryl<\/li>\n<li>30% we\u0142na<\/li>\n<\/ul>\n<p><em><strong>wyprodukowana w Polsce<\/strong><\/em><\/p>\n","protected":false},"featured_media":5641,"comment_status":"closed","ping_status":"closed","template":"","meta":{"_acf_changed":false,"inline_featured_image":false},"product_brand":[],"product_cat":[127],"product_tag":[],"class_list":{"0":"post-3512","1":"product","2":"type-product","3":"status-publish","4":"has-post-thumbnail","6":"product_cat-akcesoria","8":"first","9":"instock","10":"purchasable","11":"product-type-variable","12":"wvs-archive-product-wrapper"},"acf":[],"_links":{"self":[{"href":"https:\/\/santidiving.com\/pl\/wp-json\/wp\/v2\/product\/3512","targetHints":{"allow":["GET"]}}],"collection":[{"href":"https:\/\/santidiving.com\/pl\/wp-json\/wp\/v2\/product"}],"about":[{"href":"https:\/\/santidiving.com\/pl\/wp-json\/wp\/v2\/types\/product"}],"replies":[{"embeddable":true,"href":"https:\/\/santidiving.com\/pl\/wp-json\/wp\/v2\/comments?post=3512"}],"wp:featuredmedia":[{"embeddable":true,"href":"https:\/\/santidiving.com\/pl\/wp-json\/wp\/v2\/media\/5641"}],"wp:attachment":[{"href":"https:\/\/santidiving.com\/pl\/wp-json\/wp\/v2\/media?parent=3512"}],"wp:term":[{"taxonomy":"product_brand","embeddable":true,"href":"https:\/\/santidiving.com\/pl\/wp-json\/wp\/v2\/product_brand?post=3512"},{"taxonomy":"product_cat","embeddable":true,"href":"https:\/\/santidiving.com\/pl\/wp-json\/wp\/v2\/product_cat?post=3512"},{"taxonomy":"product_tag","embeddable":true,"href":"https:\/\/santidiving.com\/pl\/wp-json\/wp\/v2\/product_tag?post=3512"}],"curies":[{"name":"wp","href":"https:\/\/api.w.org\/{rel}","templated":true}]}}