{"id":3513,"date":"2023-12-01T16:43:33","date_gmt":"2023-12-01T15:43:33","guid":{"rendered":"https:\/\/santidiving.com\/product\/bluza-husk\/"},"modified":"2025-05-26T15:10:29","modified_gmt":"2025-05-26T13:10:29","slug":"bluza-husk","status":"publish","type":"product","link":"https:\/\/santidiving.com\/pl\/produkt\/bluza-husk\/","title":{"rendered":"bluza Husk"},"content":{"rendered":"<p><span class=\"TextRun SCXW39295569 BCX9\" lang=\"PL-PL\" data-contrast=\"auto\"><span class=\"NormalTextRun SCXW39295569 BCX9\" data-ccp-parastyle=\"Body Text\">Techniczna bluza <\/span><span class=\"SpellingError SCXW39295569 BCX9\" data-ccp-parastyle=\"Body Text\">Husk<\/span><span class=\"NormalTextRun SCXW39295569 BCX9\" data-ccp-parastyle=\"Body Text\"> wykonana z tkanin funkcjonalnych, odprowadzaj\u0105cych wilgo\u0107 i chroni\u0105cych przed zimnem, zapinana na<\/span><span class=\"NormalTextRun SCXW39295569 BCX9\" data-ccp-parastyle=\"Body Text\">\u00a0zamek z przodu.<\/span><\/span><\/p>\n<p><span class=\"TextRun SCXW39295569 BCX9\" lang=\"PL-PL\" data-contrast=\"auto\"><span class=\"NormalTextRun SCXW39295569 BCX9\" data-ccp-parastyle=\"Body Text\">Tkanina <\/span><span class=\"SpellingError SCXW39295569 BCX9\" data-ccp-parastyle=\"Body Text\">soft-shell<\/span><span class=\"NormalTextRun SCXW39295569 BCX9\" data-ccp-parastyle=\"Body Text\"> w dese\u0144 \u0142uski chroni plecy, g\u0142ow\u0119 oraz r\u0119ce przed wilgoci\u0105 oraz utrat\u0105 ciep\u0142a pozwalaj\u0105c jednocze\u015bnie na parowanie wilgoci. Dzianina <\/span><span class=\"SpellingError SCXW39295569 BCX9\" data-ccp-parastyle=\"Body Text\">Primaloft<\/span><span class=\"NormalTextRun SCXW39295569 BCX9\" data-ccp-parastyle=\"Body Text\"> z serii Foundation Performance \u015bwietnie sprawdzi si\u0119 jako bazowa, mi\u0119kka i wygodna warstwa cieplna na klatce piersiowej. Bluza zaprojektowana jako element wierzchni po nurkowaniu, \u015bwietnie sprawdzi si\u0119 tak\u017ce jako codzienna lekka kurtka wiosenno-jesienna. Kurtka z przestronnym kapturem ze \u015bci\u0105gaczem, dwoma bocznymi kieszonkami zapinanymi na <\/span><span class=\"NormalTextRun SCXW39295569 BCX9\" data-ccp-parastyle=\"Body Text\">zamki.<\/span><\/span><\/p>\n<p><span class=\"TextRun SCXW39295569 BCX9\" lang=\"PL-PL\" data-contrast=\"auto\"><span class=\"NormalTextRun SCXW39295569 BCX9\" data-ccp-parastyle=\"Body Text\">Kr\u00f3j bluzy z przed\u0142u\u017conym ty\u0142em s\u0142u\u017c\u0105cym do ochrony przy pochylaniu oraz st\u00f3jk\u0105 chroni\u0105c\u0105 szyj\u0119 przed zimnem.<\/span><\/span><span class=\"EOP SCXW39295569 BCX9\" data-ccp-props=\"{&quot;201341983&quot;:0,&quot;335551550&quot;:1,&quot;335551620&quot;:1,&quot;335559738&quot;:0,&quot;335559739&quot;:140,&quot;335559740&quot;:276}\">\u00a0<\/span><\/p>\n<p><span class=\"EOP SCXW39295569 BCX9\" data-ccp-props=\"{&quot;201341983&quot;:0,&quot;335551550&quot;:1,&quot;335551620&quot;:1,&quot;335559738&quot;:0,&quot;335559739&quot;:140,&quot;335559740&quot;:276}\"><span class=\"TextRun SCXW128145101 BCX9\" lang=\"PL-PL\" data-contrast=\"auto\"><span class=\"NormalTextRun SCXW128145101 BCX9\" data-ccp-parastyle=\"Body Text\">Produkt z limitowanej serii.<\/span><\/span><\/span><\/p>\n","protected":false},"excerpt":{"rendered":"<p><strong><span data-contrast=\"auto\">Parametry:<\/span><\/strong><span data-ccp-props=\"{&quot;201341983&quot;:0,&quot;335551550&quot;:1,&quot;335551620&quot;:1,&quot;335559738&quot;:0,&quot;335559739&quot;:140,&quot;335559740&quot;:276}\">\u00a0<\/span><\/p>\n<ul>\n<li data-leveltext=\"\uf0b7\" data-font=\"Symbol\" data-listid=\"1\" data-list-defn-props=\"{&quot;335552541&quot;:1,&quot;335559684&quot;:-2,&quot;335559685&quot;:707,&quot;335559991&quot;:283,&quot;469769226&quot;:&quot;Symbol&quot;,&quot;469769242&quot;:[8226],&quot;469777803&quot;:&quot;left&quot;,&quot;469777804&quot;:&quot;\uf0b7&quot;}\" data-aria-posinset=\"1\" data-aria-level=\"1\"><span data-contrast=\"auto\">Primaloft\u00a0Performance: 50%\u00a0Polyester, 41% Nylon, 9%\u00a0Spandex\u00a0<\/span><span data-ccp-props=\"{&quot;201341983&quot;:0,&quot;335551550&quot;:1,&quot;335551620&quot;:1,&quot;335559685&quot;:707,&quot;335559738&quot;:0,&quot;335559739&quot;:140,&quot;335559740&quot;:276,&quot;335559991&quot;:283,&quot;469777462&quot;:[709,707],&quot;469777927&quot;:[0,0],&quot;469777928&quot;:[0,1]}\">\u00a0<\/span><\/li>\n<li data-leveltext=\"\uf0b7\" data-font=\"Symbol\" data-listid=\"1\" data-list-defn-props=\"{&quot;335552541&quot;:1,&quot;335559684&quot;:-2,&quot;335559685&quot;:707,&quot;335559991&quot;:283,&quot;469769226&quot;:&quot;Symbol&quot;,&quot;469769242&quot;:[8226],&quot;469777803&quot;:&quot;left&quot;,&quot;469777804&quot;:&quot;\uf0b7&quot;}\" data-aria-posinset=\"2\" data-aria-level=\"1\"><span data-contrast=\"auto\">Gramatura: 220g\/m2\u00a0<\/span><span data-ccp-props=\"{&quot;201341983&quot;:0,&quot;335551550&quot;:1,&quot;335551620&quot;:1,&quot;335559685&quot;:707,&quot;335559738&quot;:0,&quot;335559739&quot;:140,&quot;335559740&quot;:276,&quot;335559991&quot;:283,&quot;469777462&quot;:[709,707],&quot;469777927&quot;:[0,0],&quot;469777928&quot;:[0,1]}\">\u00a0<\/span><\/li>\n<li data-leveltext=\"\uf0b7\" data-font=\"Symbol\" data-listid=\"1\" data-list-defn-props=\"{&quot;335552541&quot;:1,&quot;335559684&quot;:-2,&quot;335559685&quot;:707,&quot;335559991&quot;:283,&quot;469769226&quot;:&quot;Symbol&quot;,&quot;469769242&quot;:[8226],&quot;469777803&quot;:&quot;left&quot;,&quot;469777804&quot;:&quot;\uf0b7&quot;}\" data-aria-posinset=\"3\" data-aria-level=\"1\"><span data-contrast=\"auto\">Soft-shell: 100%\u00a0polyester<\/span><span data-ccp-props=\"{&quot;201341983&quot;:0,&quot;335551550&quot;:1,&quot;335551620&quot;:1,&quot;335559685&quot;:707,&quot;335559738&quot;:0,&quot;335559739&quot;:140,&quot;335559740&quot;:276,&quot;335559991&quot;:283,&quot;469777462&quot;:[709,707],&quot;469777927&quot;:[0,0],&quot;469777928&quot;:[0,1]}\">\u00a0<\/span><\/li>\n<\/ul>\n","protected":false},"featured_media":3185,"comment_status":"closed","ping_status":"closed","template":"","meta":{"_acf_changed":false,"inline_featured_image":false},"product_brand":[],"product_cat":[167,137],"product_tag":[],"class_list":{"0":"post-3513","1":"product","2":"type-product","3":"status-publish","4":"has-post-thumbnail","6":"product_cat-bluzy","7":"product_cat-bluzy-meskie","9":"first","10":"instock","11":"purchasable","12":"product-type-variable","13":"wvs-archive-product-wrapper"},"acf":[],"_links":{"self":[{"href":"https:\/\/santidiving.com\/pl\/wp-json\/wp\/v2\/product\/3513","targetHints":{"allow":["GET"]}}],"collection":[{"href":"https:\/\/santidiving.com\/pl\/wp-json\/wp\/v2\/product"}],"about":[{"href":"https:\/\/santidiving.com\/pl\/wp-json\/wp\/v2\/types\/product"}],"replies":[{"embeddable":true,"href":"https:\/\/santidiving.com\/pl\/wp-json\/wp\/v2\/comments?post=3513"}],"wp:featuredmedia":[{"embeddable":true,"href":"https:\/\/santidiving.com\/pl\/wp-json\/wp\/v2\/media\/3185"}],"wp:attachment":[{"href":"https:\/\/santidiving.com\/pl\/wp-json\/wp\/v2\/media?parent=3513"}],"wp:term":[{"taxonomy":"product_brand","embeddable":true,"href":"https:\/\/santidiving.com\/pl\/wp-json\/wp\/v2\/product_brand?post=3513"},{"taxonomy":"product_cat","embeddable":true,"href":"https:\/\/santidiving.com\/pl\/wp-json\/wp\/v2\/product_cat?post=3513"},{"taxonomy":"product_tag","embeddable":true,"href":"https:\/\/santidiving.com\/pl\/wp-json\/wp\/v2\/product_tag?post=3513"}],"curies":[{"name":"wp","href":"https:\/\/api.w.org\/{rel}","templated":true}]}}