{"id":3514,"date":"2023-12-01T16:43:33","date_gmt":"2023-12-01T15:43:33","guid":{"rendered":"https:\/\/santidiving.com\/product\/torba-carrie\/"},"modified":"2026-02-23T09:25:30","modified_gmt":"2026-02-23T08:25:30","slug":"torba-carrie","status":"publish","type":"product","link":"https:\/\/santidiving.com\/pl\/produkt\/torba-carrie\/","title":{"rendered":"Torba CARRIE"},"content":{"rendered":"<p>funkcjonalno\u015b\u0107 i pojemno\u015b\u0107 &#8211; zainspirowane naszymi ulubionymi du\u017cymi niebieskimi torbami plastikowymi<\/p>\n<p>jako\u015b\u0107, wykonanie i wyko\u0144czenie &#8211; zaczerpni\u0119te z naszego szycia skafandr\u00f3w<\/p>\n<p>&nbsp;<\/p>\n","protected":false},"excerpt":{"rendered":"<ul>\n<li>powlekana tkanina cordura w wybranych kolorach santi zapewnia du\u017c\u0105 wytrzyma\u0142o\u015b\u0107 i odporno\u015b\u0107 na wod\u0119<\/li>\n<li>mocne, tkane paski do noszenia ci\u0119\u017ckiego sprz\u0119tu nurka i nie tylko &#8211; wykorzystaj swoj\u0105 wyobra\u017ani\u0119<\/li>\n<li>zamek b\u0142yskawiczny zapinany od g\u00f3ry dla zabezpieczenia zawarto\u015bci<\/li>\n<li>elegancki branding santi<\/li>\n<li>zam\u00f3w ju\u017c dzi\u015b &#8211; u najbli\u017cszego sprzedawcy lub w sklepie internetowym santi<\/li>\n<li>torby dost\u0119pne w kolorach: niebieski, czerwony, limonkowy, fuksja i szary<\/li>\n<li>seria limitowana<\/li>\n<\/ul>\n","protected":false},"featured_media":16992,"comment_status":"closed","ping_status":"closed","template":"","meta":{"_acf_changed":false,"inline_featured_image":false},"product_brand":[],"product_cat":[127],"product_tag":[],"class_list":{"0":"post-3514","1":"product","2":"type-product","3":"status-publish","4":"has-post-thumbnail","6":"product_cat-akcesoria","8":"first","9":"instock","10":"purchasable","11":"product-type-variable","12":"wvs-archive-product-wrapper"},"acf":[],"_links":{"self":[{"href":"https:\/\/santidiving.com\/pl\/wp-json\/wp\/v2\/product\/3514","targetHints":{"allow":["GET"]}}],"collection":[{"href":"https:\/\/santidiving.com\/pl\/wp-json\/wp\/v2\/product"}],"about":[{"href":"https:\/\/santidiving.com\/pl\/wp-json\/wp\/v2\/types\/product"}],"replies":[{"embeddable":true,"href":"https:\/\/santidiving.com\/pl\/wp-json\/wp\/v2\/comments?post=3514"}],"wp:featuredmedia":[{"embeddable":true,"href":"https:\/\/santidiving.com\/pl\/wp-json\/wp\/v2\/media\/16992"}],"wp:attachment":[{"href":"https:\/\/santidiving.com\/pl\/wp-json\/wp\/v2\/media?parent=3514"}],"wp:term":[{"taxonomy":"product_brand","embeddable":true,"href":"https:\/\/santidiving.com\/pl\/wp-json\/wp\/v2\/product_brand?post=3514"},{"taxonomy":"product_cat","embeddable":true,"href":"https:\/\/santidiving.com\/pl\/wp-json\/wp\/v2\/product_cat?post=3514"},{"taxonomy":"product_tag","embeddable":true,"href":"https:\/\/santidiving.com\/pl\/wp-json\/wp\/v2\/product_tag?post=3514"}],"curies":[{"name":"wp","href":"https:\/\/api.w.org\/{rel}","templated":true}]}}