{"id":3517,"date":"2023-12-01T16:43:36","date_gmt":"2023-12-01T15:43:36","guid":{"rendered":"https:\/\/santidiving.com\/product\/oficjalna-koszulka-baltictech-2022-2\/"},"modified":"2025-05-26T16:24:21","modified_gmt":"2025-05-26T14:24:21","slug":"oficjalna-koszulka-baltictech-2022-2","status":"publish","type":"product","link":"https:\/\/santidiving.com\/pl\/produkt\/oficjalna-koszulka-baltictech-2022-2\/","title":{"rendered":"Oficjalna koszulka Baltictech 2022"},"content":{"rendered":"<p>Polecamy zakup pami\u0105tkowej koszulki z konferencji nurk\u00f3w technicznych Baltictech 2022.<\/p>\n<p><em>Zakup koszulki wspiera dzia\u0142alno\u015b\u0107 Stowarzyszenia Baltictech, kt\u00f3re czynnie promuje Ba\u0142tyk jako najciekawsze miejsce do nurkowania wrakowego na \u015bwiecie oraz lobbuje na rzecz wi\u0119kszej dost\u0119pno\u015bci wrak\u00f3w dla spo\u0142eczno\u015bci nurkowej.<\/em><\/p>\n","protected":false},"excerpt":{"rendered":"<ul>\n<li>200g\/m2<\/li>\n<li>85 % bawe\u0142na, 10% wiskoza, 5% elestan<\/li>\n<li>elastyczna dzianina single jersey; bawe\u0142na organiczna<\/li>\n<li>dopasowany kr\u00f3j<\/li>\n<li>dekolt wyko\u0144czony lam\u00f3wk\u0105<\/li>\n<li>podw\u00f3jne szwy<\/li>\n<li>kolor ciemny niebieski<\/li>\n<\/ul>\n<p>Nadruk:<\/p>\n<ul>\n<li>wykonany technik\u0105 sitodruku<\/li>\n<li>trwa\u0142y, odporny na pranie<\/li>\n<\/ul>\n","protected":false},"featured_media":3220,"comment_status":"closed","ping_status":"closed","template":"","meta":{"_acf_changed":false,"inline_featured_image":false},"product_brand":[],"product_cat":[133,170],"product_tag":[],"class_list":{"0":"post-3517","1":"product","2":"type-product","3":"status-publish","4":"has-post-thumbnail","6":"product_cat-t-shirty-damskie","7":"product_cat-t-shirty","9":"first","10":"outofstock","11":"product-type-variable","12":"wvs-archive-product-wrapper"},"acf":[],"_links":{"self":[{"href":"https:\/\/santidiving.com\/pl\/wp-json\/wp\/v2\/product\/3517","targetHints":{"allow":["GET"]}}],"collection":[{"href":"https:\/\/santidiving.com\/pl\/wp-json\/wp\/v2\/product"}],"about":[{"href":"https:\/\/santidiving.com\/pl\/wp-json\/wp\/v2\/types\/product"}],"replies":[{"embeddable":true,"href":"https:\/\/santidiving.com\/pl\/wp-json\/wp\/v2\/comments?post=3517"}],"wp:featuredmedia":[{"embeddable":true,"href":"https:\/\/santidiving.com\/pl\/wp-json\/wp\/v2\/media\/3220"}],"wp:attachment":[{"href":"https:\/\/santidiving.com\/pl\/wp-json\/wp\/v2\/media?parent=3517"}],"wp:term":[{"taxonomy":"product_brand","embeddable":true,"href":"https:\/\/santidiving.com\/pl\/wp-json\/wp\/v2\/product_brand?post=3517"},{"taxonomy":"product_cat","embeddable":true,"href":"https:\/\/santidiving.com\/pl\/wp-json\/wp\/v2\/product_cat?post=3517"},{"taxonomy":"product_tag","embeddable":true,"href":"https:\/\/santidiving.com\/pl\/wp-json\/wp\/v2\/product_tag?post=3517"}],"curies":[{"name":"wp","href":"https:\/\/api.w.org\/{rel}","templated":true}]}}