{"id":3519,"date":"2023-12-01T16:08:20","date_gmt":"2023-12-01T15:43:36","guid":{"rendered":"https:\/\/santidiving.com\/product\/ponczo-crew\/"},"modified":"2025-05-26T15:19:23","modified_gmt":"2025-05-26T13:19:23","slug":"ponczo-crew","status":"publish","type":"product","link":"https:\/\/santidiving.com\/pl\/produkt\/ponczo-crew\/","title":{"rendered":"Ponczo Crew"},"content":{"rendered":"<p><span data-contrast=\"auto\"><span class=\"NormalTextRun SCXW171181736 BCX0\">Ten produkt to wysokiej klasy p\u0142aszcz<\/span><span class=\"NormalTextRun SCXW171181736 BCX0\">\u00a0ochronny w\u00a0<\/span><span class=\"NormalTextRun ContextualSpellingAndGrammarErrorV2Themed SCXW171181736 BCX0\">kroju\u00a0<\/span><span class=\"NormalTextRun ContextualSpellingAndGrammarErrorV2Themed SCXW171181736 BCX0\">\u00a0poncho<\/span><span class=\"NormalTextRun SCXW171181736 BCX0\">, wykonany z wysokiej jako\u015bci, wodoodpornego i\u00a0<\/span><span class=\"NormalTextRun SCXW171181736 BCX0\">oddychaj\u0105cego materia\u0142u\u00a0<\/span><span class=\"NormalTextRun SpellingErrorV2Themed SCXW171181736 BCX0\">softshell.<\/span><\/span><\/p>\n<p>&nbsp;<\/p>\n","protected":false},"excerpt":{"rendered":"<p><strong><span data-contrast=\"auto\">Funkcjonalno\u015b\u0107:<\/span><span data-ccp-props=\"{&quot;201341983&quot;:0,&quot;335559739&quot;:160,&quot;335559740&quot;:259}\">\u00a0<\/span><\/strong><\/p>\n<ul>\n<li><span data-contrast=\"auto\">Du\u017ca kiesze\u0144 przednia typu Kangurka, z obu stron zapinana na napy<\/span><span data-ccp-props=\"{&quot;201341983&quot;:0,&quot;335559739&quot;:160,&quot;335559740&quot;:259}\">\u00a0<\/span><\/li>\n<li><span data-contrast=\"auto\">Boczny zamek z przodu pozwalaj\u0105cy na \u0142atwe ubranie p\u0142aszcza przez g\u0142ow\u0119<\/span><span data-ccp-props=\"{&quot;201341983&quot;:0,&quot;335559739&quot;:160,&quot;335559740&quot;:259}\">\u00a0<\/span><\/li>\n<li><span data-contrast=\"auto\">Szerokie r\u0119kawy pozwalaj\u0105ce na ubranie p\u0142aszcza na piank\u0119 lub inn\u0105 odzie\u017c bazow\u0105<\/span><span data-ccp-props=\"{&quot;201341983&quot;:0,&quot;335559739&quot;:160,&quot;335559740&quot;:259}\">\u00a0<\/span><\/li>\n<li><span data-contrast=\"auto\">Regulowane zapi\u0119cia na rzep na mankietach<\/span><span data-ccp-props=\"{&quot;201341983&quot;:0,&quot;335559739&quot;:160,&quot;335559740&quot;:259}\">\u00a0<\/span><\/li>\n<li><span data-contrast=\"auto\">Boki p\u0142aszcza rozpinane na napy w celu \u0142atwiejszego ubierania\u00a0<\/span><span data-ccp-props=\"{&quot;201341983&quot;:0,&quot;335559739&quot;:160,&quot;335559740&quot;:259}\">\u00a0<\/span><\/li>\n<li><span data-contrast=\"auto\">Kaptur z wysok\u0105 st\u00f3jk\u0105 i daszkiem ochronnym z przodu, \u015bci\u0105gany na gumk\u0119<\/span><span data-ccp-props=\"{&quot;201341983&quot;:0,&quot;335559739&quot;:160,&quot;335559740&quot;:259}\">\u00a0<\/span><\/li>\n<li><span data-contrast=\"auto\">Odblaskowe nadruki z logo<\/span><span data-ccp-props=\"{&quot;201341983&quot;:0,&quot;335559739&quot;:160,&quot;335559740&quot;:259}\">\u00a0<\/span><\/li>\n<\/ul>\n<p><strong><span data-contrast=\"auto\">Sk\u0142ad:<\/span><span data-ccp-props=\"{&quot;201341983&quot;:0,&quot;335559739&quot;:160,&quot;335559740&quot;:259}\">\u00a0<\/span><\/strong><\/p>\n<ul>\n<li><span data-contrast=\"auto\">Wierzch &#8211; 97% poliester 3% spandex<\/span><span data-ccp-props=\"{&quot;201341983&quot;:0,&quot;335559739&quot;:160,&quot;335559740&quot;:259}\">\u00a0<\/span><\/li>\n<li><span data-contrast=\"auto\">Wewn\u0105trz &#8211; membrana TPU<\/span><span data-ccp-props=\"{&quot;201341983&quot;:0,&quot;335559739&quot;:160,&quot;335559740&quot;:259}\">\u00a0<\/span><\/li>\n<li><span data-contrast=\"auto\">Sp\u00f3d &#8211; 100% poliester<\/span><span data-ccp-props=\"{&quot;201341983&quot;:0,&quot;335559739&quot;:160,&quot;335559740&quot;:259}\">\u00a0<\/span><\/li>\n<li><span data-contrast=\"auto\">Wodoszczelno\u015b\u0107 &#8211; WP 5000mm\u00a0<\/span><span data-ccp-props=\"{&quot;201341983&quot;:0,&quot;335559739&quot;:160,&quot;335559740&quot;:259}\">\u00a0<\/span><\/li>\n<li><span data-contrast=\"auto\">Oddychalno\u015b\u0107 &#8211; WVP 3000g\/m2\/24h<\/span><span data-ccp-props=\"{&quot;201341983&quot;:0,&quot;335559739&quot;:160,&quot;335559740&quot;:259}\">\u00a0<\/span><\/li>\n<li><span data-contrast=\"auto\">Kolor: czarny<\/span><span data-ccp-props=\"{&quot;201341983&quot;:0,&quot;335559739&quot;:160,&quot;335559740&quot;:259}\">\u00a0<\/span><\/li>\n<li><span data-contrast=\"auto\">Rozmiary: S\/M, L\/XL<\/span><span data-ccp-props=\"{&quot;201341983&quot;:0,&quot;335559739&quot;:160,&quot;335559740&quot;:259}\">\u00a0<\/span><\/li>\n<\/ul>\n","protected":false},"featured_media":3982,"comment_status":"closed","ping_status":"closed","template":"","meta":{"_acf_changed":false,"inline_featured_image":false},"product_brand":[],"product_cat":[168,168,138,138],"product_tag":[],"class_list":{"0":"post-3519","1":"product","2":"type-product","3":"status-publish","4":"has-post-thumbnail","6":"product_cat-kurtki","8":"product_cat-kurtki-meskie","11":"first","12":"instock","13":"purchasable","14":"product-type-variable","15":"wvs-archive-product-wrapper"},"acf":[],"_links":{"self":[{"href":"https:\/\/santidiving.com\/pl\/wp-json\/wp\/v2\/product\/3519","targetHints":{"allow":["GET"]}}],"collection":[{"href":"https:\/\/santidiving.com\/pl\/wp-json\/wp\/v2\/product"}],"about":[{"href":"https:\/\/santidiving.com\/pl\/wp-json\/wp\/v2\/types\/product"}],"replies":[{"embeddable":true,"href":"https:\/\/santidiving.com\/pl\/wp-json\/wp\/v2\/comments?post=3519"}],"wp:featuredmedia":[{"embeddable":true,"href":"https:\/\/santidiving.com\/pl\/wp-json\/wp\/v2\/media\/3982"}],"wp:attachment":[{"href":"https:\/\/santidiving.com\/pl\/wp-json\/wp\/v2\/media?parent=3519"}],"wp:term":[{"taxonomy":"product_brand","embeddable":true,"href":"https:\/\/santidiving.com\/pl\/wp-json\/wp\/v2\/product_brand?post=3519"},{"taxonomy":"product_cat","embeddable":true,"href":"https:\/\/santidiving.com\/pl\/wp-json\/wp\/v2\/product_cat?post=3519"},{"taxonomy":"product_tag","embeddable":true,"href":"https:\/\/santidiving.com\/pl\/wp-json\/wp\/v2\/product_tag?post=3519"}],"curies":[{"name":"wp","href":"https:\/\/api.w.org\/{rel}","templated":true}]}}