{"id":3520,"date":"2023-12-01T16:43:36","date_gmt":"2023-12-01T15:43:36","guid":{"rendered":"https:\/\/santidiving.com\/product\/kubek-emaliowany\/"},"modified":"2025-05-26T15:31:57","modified_gmt":"2025-05-26T13:31:57","slug":"kubek-emaliowany","status":"publish","type":"product","link":"https:\/\/santidiving.com\/pl\/produkt\/kubek-emaliowany\/","title":{"rendered":"Kubek emaliowany"},"content":{"rendered":"<p class=\"x_MsoNormal\">Emaliowany kubek turystyczny Santi to jeden z tych przedmiot\u00f3w, kt\u00f3re warto mie\u0107 ze sob\u0105 podczas wypraw nurkowych, na \u0142odzi, biwaku czy podczas w\u0119dr\u00f3wek.<\/p>\n<p class=\"x_MsoNormal\">Lekki, wytrzyma\u0142y, pokryty szklist\u0105 emali\u0105 kubek o tradycyjnym kszta\u0142cie z zaokr\u0105glonym uchwytem i wywini\u0119tym rantem pozwoli cieszy\u0107 si\u0119 ulubionymi napojami w trakcie Twoich przyg\u00f3d na \u015bwie\u017cym powietrzu.<\/p>\n","protected":false},"excerpt":{"rendered":"<p class=\"x_MsoNormal\">Cechy:<\/p>\n<ul>\n<li class=\"x_MsoNormal\">nadaje si\u0119 do mycia w zmywarce<\/li>\n<li class=\"x_MsoNormal\">nie zawiera niklu<\/li>\n<li class=\"x_MsoNormal\">wytrzyma\u0142a powierzchnia gwarantuje d\u0142ug\u0105 \u017cywotno\u015b\u0107 produktu<\/li>\n<li class=\"x_MsoNormal\">kolor: czarny splendid<\/li>\n<li class=\"x_MsoNormal\">pojemno\u015b\u0107 &#8211; 360 ml<\/li>\n<li class=\"x_MsoNormal\">wysoko\u015b\u0107 &#8211; 75 mm<\/li>\n<li class=\"x_MsoNormal\">\u015brednica &#8211; 80mm<\/li>\n<li class=\"x_MsoNormal\">waga &#8211; 150 g<\/li>\n<\/ul>\n","protected":false},"featured_media":3250,"comment_status":"closed","ping_status":"closed","template":"","meta":{"_acf_changed":false,"inline_featured_image":false},"product_brand":[],"product_cat":[127],"product_tag":[],"class_list":{"0":"post-3520","1":"product","2":"type-product","3":"status-publish","4":"has-post-thumbnail","6":"product_cat-akcesoria","8":"first","9":"instock","10":"purchasable","11":"product-type-simple"},"acf":[],"_links":{"self":[{"href":"https:\/\/santidiving.com\/pl\/wp-json\/wp\/v2\/product\/3520","targetHints":{"allow":["GET"]}}],"collection":[{"href":"https:\/\/santidiving.com\/pl\/wp-json\/wp\/v2\/product"}],"about":[{"href":"https:\/\/santidiving.com\/pl\/wp-json\/wp\/v2\/types\/product"}],"replies":[{"embeddable":true,"href":"https:\/\/santidiving.com\/pl\/wp-json\/wp\/v2\/comments?post=3520"}],"wp:featuredmedia":[{"embeddable":true,"href":"https:\/\/santidiving.com\/pl\/wp-json\/wp\/v2\/media\/3250"}],"wp:attachment":[{"href":"https:\/\/santidiving.com\/pl\/wp-json\/wp\/v2\/media?parent=3520"}],"wp:term":[{"taxonomy":"product_brand","embeddable":true,"href":"https:\/\/santidiving.com\/pl\/wp-json\/wp\/v2\/product_brand?post=3520"},{"taxonomy":"product_cat","embeddable":true,"href":"https:\/\/santidiving.com\/pl\/wp-json\/wp\/v2\/product_cat?post=3520"},{"taxonomy":"product_tag","embeddable":true,"href":"https:\/\/santidiving.com\/pl\/wp-json\/wp\/v2\/product_tag?post=3520"}],"curies":[{"name":"wp","href":"https:\/\/api.w.org\/{rel}","templated":true}]}}