{"id":3521,"date":"2023-12-01T16:43:36","date_gmt":"2023-12-01T15:43:36","guid":{"rendered":"https:\/\/santidiving.com\/product\/butelka-na-wode\/"},"modified":"2025-05-26T15:31:32","modified_gmt":"2025-05-26T13:31:32","slug":"butelka-na-wode","status":"publish","type":"product","link":"https:\/\/santidiving.com\/pl\/produkt\/butelka-na-wode\/","title":{"rendered":"Butelka na wod\u0119"},"content":{"rendered":"<p class=\"x_MsoNormal\">Dwu\u015bcienna butelka ze stali nierdzewnej o pojemno\u015bci 780 ml to idealne rozwi\u0105zanie dla os\u00f3b aktywnych, dbaj\u0105cych o nawodnienie. Wyposa\u017cona w solidn\u0105 zakr\u0119tk\u0119 i praktyczny silikonowy uchwyt zapewnia wygodne u\u017cytkowanie i \u0142atwe przenoszenie niezale\u017cnie od tego czy nurkujesz, \u0107wiczysz na si\u0142owni, w\u0119drujesz po g\u00f3rach czy po prostu podr\u00f3\u017cujesz. Dzi\u0119ki izolacji pr\u00f3\u017cniowej utrzymuje temperatur\u0119 napoj\u00f3w przez d\u0142u\u017cszy czas.<\/p>\n<p>&nbsp;<\/p>\n","protected":false},"excerpt":{"rendered":"<ul>\n<li class=\"x_MsoNormal\">Materia\u0142: stal nierdzewna<\/li>\n<li class=\"x_MsoNormal\">Kolor: czarny<\/li>\n<li class=\"x_MsoNormal\">Pojemno\u015b\u0107: 780 ml<\/li>\n<li class=\"x_MsoNormal\">Wymiary: \u00d87X26.5CM<\/li>\n<li class=\"x_MsoNormal\"><span lang=\"EN-US\">Waga: 430 g<\/span><\/li>\n<\/ul>\n","protected":false},"featured_media":4078,"comment_status":"closed","ping_status":"closed","template":"","meta":{"_acf_changed":false,"inline_featured_image":false},"product_brand":[],"product_cat":[127],"product_tag":[],"class_list":{"0":"post-3521","1":"product","2":"type-product","3":"status-publish","4":"has-post-thumbnail","6":"product_cat-akcesoria","8":"first","9":"instock","10":"purchasable","11":"product-type-simple"},"acf":[],"_links":{"self":[{"href":"https:\/\/santidiving.com\/pl\/wp-json\/wp\/v2\/product\/3521","targetHints":{"allow":["GET"]}}],"collection":[{"href":"https:\/\/santidiving.com\/pl\/wp-json\/wp\/v2\/product"}],"about":[{"href":"https:\/\/santidiving.com\/pl\/wp-json\/wp\/v2\/types\/product"}],"replies":[{"embeddable":true,"href":"https:\/\/santidiving.com\/pl\/wp-json\/wp\/v2\/comments?post=3521"}],"wp:featuredmedia":[{"embeddable":true,"href":"https:\/\/santidiving.com\/pl\/wp-json\/wp\/v2\/media\/4078"}],"wp:attachment":[{"href":"https:\/\/santidiving.com\/pl\/wp-json\/wp\/v2\/media?parent=3521"}],"wp:term":[{"taxonomy":"product_brand","embeddable":true,"href":"https:\/\/santidiving.com\/pl\/wp-json\/wp\/v2\/product_brand?post=3521"},{"taxonomy":"product_cat","embeddable":true,"href":"https:\/\/santidiving.com\/pl\/wp-json\/wp\/v2\/product_cat?post=3521"},{"taxonomy":"product_tag","embeddable":true,"href":"https:\/\/santidiving.com\/pl\/wp-json\/wp\/v2\/product_tag?post=3521"}],"curies":[{"name":"wp","href":"https:\/\/api.w.org\/{rel}","templated":true}]}}