{"id":3524,"date":"2023-12-01T16:43:36","date_gmt":"2023-12-01T15:43:36","guid":{"rendered":"https:\/\/santidiving.com\/product\/butelka-avatar\/"},"modified":"2025-05-26T15:32:52","modified_gmt":"2025-05-26T13:32:52","slug":"butelka-avatar","status":"publish","type":"product","link":"https:\/\/santidiving.com\/pl\/produkt\/butelka-avatar\/","title":{"rendered":"Butelka AVATAR"},"content":{"rendered":"<p class=\"x_MsoNormal\">Odkryj idealne po\u0142\u0105czenie formy i funkcji dzi\u0119ki naszej wyj\u0105tkowej butelce ze stali nierdzewnej o pojemno\u015bci 500 ml. Podr\u00f3\u017cuj doko\u0142a \u015bwiata i zanurz si\u0119 w \u015bwiecie orze\u017awiaj\u0105cego nawodnienia.<\/p>\n<p>&nbsp;<\/p>\n","protected":false},"excerpt":{"rendered":"<ul>\n<li class=\"x_MsoNormal\">Materia\u0142: stal nierdzewna<\/li>\n<li class=\"x_MsoNormal\">Kolor: bia\u0142y<\/li>\n<li class=\"x_MsoNormal\">Butelka dwu\u015bcienna z uchwytem<\/li>\n<li class=\"x_MsoNormal\"><span lang=\"EN-US\">Capacity: 500 ml<\/span><\/li>\n<li class=\"x_MsoNormal\"><span lang=\"EN-US\">Wymiary: \u00d87X23.5CM<\/span><\/li>\n<li class=\"x_MsoNormal\"><span lang=\"EN-US\">Waga: 325g<\/span><\/li>\n<\/ul>\n","protected":false},"featured_media":3978,"comment_status":"closed","ping_status":"closed","template":"","meta":{"_acf_changed":false,"inline_featured_image":false},"product_brand":[],"product_cat":[127],"product_tag":[],"class_list":{"0":"post-3524","1":"product","2":"type-product","3":"status-publish","4":"has-post-thumbnail","6":"product_cat-akcesoria","8":"first","9":"instock","10":"purchasable","11":"product-type-simple"},"acf":[],"_links":{"self":[{"href":"https:\/\/santidiving.com\/pl\/wp-json\/wp\/v2\/product\/3524","targetHints":{"allow":["GET"]}}],"collection":[{"href":"https:\/\/santidiving.com\/pl\/wp-json\/wp\/v2\/product"}],"about":[{"href":"https:\/\/santidiving.com\/pl\/wp-json\/wp\/v2\/types\/product"}],"replies":[{"embeddable":true,"href":"https:\/\/santidiving.com\/pl\/wp-json\/wp\/v2\/comments?post=3524"}],"wp:featuredmedia":[{"embeddable":true,"href":"https:\/\/santidiving.com\/pl\/wp-json\/wp\/v2\/media\/3978"}],"wp:attachment":[{"href":"https:\/\/santidiving.com\/pl\/wp-json\/wp\/v2\/media?parent=3524"}],"wp:term":[{"taxonomy":"product_brand","embeddable":true,"href":"https:\/\/santidiving.com\/pl\/wp-json\/wp\/v2\/product_brand?post=3524"},{"taxonomy":"product_cat","embeddable":true,"href":"https:\/\/santidiving.com\/pl\/wp-json\/wp\/v2\/product_cat?post=3524"},{"taxonomy":"product_tag","embeddable":true,"href":"https:\/\/santidiving.com\/pl\/wp-json\/wp\/v2\/product_tag?post=3524"}],"curies":[{"name":"wp","href":"https:\/\/api.w.org\/{rel}","templated":true}]}}