{"id":3525,"date":"2023-12-01T16:43:39","date_gmt":"2023-12-01T15:43:39","guid":{"rendered":"https:\/\/santidiving.com\/product\/gear-up\/"},"modified":"2025-10-14T11:52:25","modified_gmt":"2025-10-14T09:52:25","slug":"gear-up","status":"publish","type":"product","link":"https:\/\/santidiving.com\/pl\/produkt\/gear-up\/","title":{"rendered":"Gear Up"},"content":{"rendered":"<p>Szary melan\u017cowy t-shirt z nadrukiem symboli sprz\u0119tu nurkowego z ty\u0142u i logo Santi z przodu.<\/p>\n<p>&nbsp;<\/p>\n","protected":false},"excerpt":{"rendered":"<ul>\n<li>kr\u00f3j : regular fit<br \/>\nsk\u0142ad : 85% cotton \/ 10% viscose \/ 5% elastan<\/li>\n<li><strong><em>Wytyczne prania:<\/em><\/strong>\n<ul>\n<li class=\"x_MsoNormal\"><em>Pra\u0107 i suszy\u0107 na lewej stronie w niskiej temperaturze.<\/em><\/li>\n<li class=\"x_MsoNormal\"><em>Pra\u0107 z podobnymi kolorami.<\/em><\/li>\n<li class=\"x_MsoNormal\"><em>Nie suszy\u0107 na s\u0142o\u0144cu.<\/em><\/li>\n<li class=\"x_MsoNormal\"><em>Nie namacza\u0107.<\/em><\/li>\n<li class=\"x_MsoNormal\"><em>Nie prasowa\u0107 powierzchni nadruku i aplikacji.<\/em><\/li>\n<\/ul>\n<\/li>\n<\/ul>\n","protected":false},"featured_media":3266,"comment_status":"closed","ping_status":"closed","template":"","meta":{"_acf_changed":false,"inline_featured_image":false},"product_brand":[],"product_cat":[140,170],"product_tag":[],"class_list":{"0":"post-3525","1":"product","2":"type-product","3":"status-publish","4":"has-post-thumbnail","6":"product_cat-t-shirty-meskie","7":"product_cat-t-shirty","9":"first","10":"instock","11":"purchasable","12":"product-type-variable","13":"wvs-archive-product-wrapper"},"acf":[],"_links":{"self":[{"href":"https:\/\/santidiving.com\/pl\/wp-json\/wp\/v2\/product\/3525","targetHints":{"allow":["GET"]}}],"collection":[{"href":"https:\/\/santidiving.com\/pl\/wp-json\/wp\/v2\/product"}],"about":[{"href":"https:\/\/santidiving.com\/pl\/wp-json\/wp\/v2\/types\/product"}],"replies":[{"embeddable":true,"href":"https:\/\/santidiving.com\/pl\/wp-json\/wp\/v2\/comments?post=3525"}],"wp:featuredmedia":[{"embeddable":true,"href":"https:\/\/santidiving.com\/pl\/wp-json\/wp\/v2\/media\/3266"}],"wp:attachment":[{"href":"https:\/\/santidiving.com\/pl\/wp-json\/wp\/v2\/media?parent=3525"}],"wp:term":[{"taxonomy":"product_brand","embeddable":true,"href":"https:\/\/santidiving.com\/pl\/wp-json\/wp\/v2\/product_brand?post=3525"},{"taxonomy":"product_cat","embeddable":true,"href":"https:\/\/santidiving.com\/pl\/wp-json\/wp\/v2\/product_cat?post=3525"},{"taxonomy":"product_tag","embeddable":true,"href":"https:\/\/santidiving.com\/pl\/wp-json\/wp\/v2\/product_tag?post=3525"}],"curies":[{"name":"wp","href":"https:\/\/api.w.org\/{rel}","templated":true}]}}