{"id":4978,"date":"2024-10-08T11:03:50","date_gmt":"2024-10-08T09:12:47","guid":{"rendered":"https:\/\/santidiving.com\/?post_type=product&#038;p=4978"},"modified":"2025-08-25T08:11:34","modified_gmt":"2025-08-25T06:11:34","slug":"softshell-all-s-on","status":"publish","type":"product","link":"https:\/\/santidiving.com\/pl\/produkt\/softshell-all-s-on\/","title":{"rendered":"Softshell All Seas-on"},"content":{"rendered":"<p>Jako nurkowie i mi\u0142o\u015bnicy aktywno\u015bci na \u015bwie\u017cym powietrzu wiemy, jak wa\u017cne jest utrzymanie ciep\u0142a i komfortu nawet w najbardziej wymagaj\u0105cych warunkach. Nasz nowy softshell to nie tylko funkcjonalno\u015b\u0107, ale te\u017c stylowy element garderoby, kt\u00f3ry sprawdzi si\u0119 zar\u00f3wno podczas przygotowa\u0144 do nurkowania, jak i na co dzie\u0144.<\/p>\n<p class=\"x_xxmsonormal\">\n","protected":false},"excerpt":{"rendered":"<p class=\"x_xxmsonormal\"><strong>Kieszenie:\u00a0<\/strong><\/p>\n<ul type=\"disc\">\n<li class=\"x_xxmsonormal\">2 wewn\u0119trzne du\u017ce wsadowe kieszenie<\/li>\n<li class=\"x_xxmsonormal\">3 bryzgoszczelne kieszenie: na prawej piersi, na lewej nerce z ty\u0142u, na lewym ramieniu<\/li>\n<li class=\"x_xxmsonormal\">2 kieszenie boczne z zamkami przykrytymi plis\u0105<\/li>\n<li class=\"x_xxmsonormal\">2 kieszenie na rzepa: ma\u0142a na lewym ramieniu i wi\u0119ksza lewej piersi<\/li>\n<\/ul>\n<p class=\"x_xxmsonormal\"><strong>Funkcjonalno\u015b\u0107:<\/strong><\/p>\n<ul type=\"disc\">\n<li class=\"x_xxmsonormal\">Dodatkowa wentylacja pod ramionami zamykana na zamek przykryty plis\u0105<\/li>\n<li class=\"x_xxmsonormal\">Wewn\u0105trz oddychaj\u0105ca siatka<\/li>\n<li class=\"x_xxmsonormal\">Regulowane zapi\u0119cia na rzep na mankietach<\/li>\n<li class=\"x_xxmsonormal\">D\u00f3\u0142 regulowany stoperem zapewniaj\u0105cy \u015bcis\u0142e dopasowanie<\/li>\n<li class=\"x_xxmsonormal\">Wysoka st\u00f3jka chroni\u0105ca twarz, zapewniaj\u0105ca\u00a0ochron\u0119 przed wiatrem<\/li>\n<li class=\"x_xxmsonormal\">Odblaskowe nadruki dla lepszej widoczno\u015bci: na prawej kieszenie i prawym ramieniu<\/li>\n<li class=\"x_xxmsonormal\">Zintegrowany kaptur ze stoperem i \u015bci\u0105gaczem; kaptur z daszkiem<\/li>\n<\/ul>\n<p class=\"x_xxmsonormal\"><strong>Sk\u0142ad:<\/strong><\/p>\n<ul type=\"disc\">\n<li class=\"x_xxmsonormal\">wierzch: 96% poliester, 4% spandex<\/li>\n<li class=\"x_xxmsonormal\">wn\u0119trze: membrana TPU<\/li>\n<li class=\"x_xxmsonormal\">sp\u00f3d: 100% poliester<\/li>\n<li class=\"x_xxmsonormal\">Wodoszczelno\u015b\u0107 &#8211; WP 9000mm<\/li>\n<li class=\"x_xxmsonormal\">Oddychalno\u015b\u0107 &#8211; WVP 3000g \/ m2 \/ 24h<\/li>\n<\/ul>\n<p class=\"x_xxmsonormal\"><strong>Kolor:<\/strong>\u00a0czarny<\/p>\n<p class=\"x_xxmsonormal\"><strong>Rozmiary:<\/strong>\u00a0S, M, L, XL, XXL, XXL &#8211; unisex<\/p>\n","protected":false},"featured_media":4952,"comment_status":"open","ping_status":"closed","template":"","meta":{"_acf_changed":false,"inline_featured_image":false},"product_brand":[],"product_cat":[132,168,168,132,138,138],"product_tag":[],"class_list":{"0":"post-4978","1":"product","2":"type-product","3":"status-publish","4":"has-post-thumbnail","6":"product_cat-kurtki-damskie","7":"product_cat-kurtki","10":"product_cat-kurtki-meskie","13":"first","14":"instock","15":"shipping-taxable","16":"purchasable","17":"product-type-variable","18":"wvs-archive-product-wrapper"},"acf":[],"_links":{"self":[{"href":"https:\/\/santidiving.com\/pl\/wp-json\/wp\/v2\/product\/4978","targetHints":{"allow":["GET"]}}],"collection":[{"href":"https:\/\/santidiving.com\/pl\/wp-json\/wp\/v2\/product"}],"about":[{"href":"https:\/\/santidiving.com\/pl\/wp-json\/wp\/v2\/types\/product"}],"replies":[{"embeddable":true,"href":"https:\/\/santidiving.com\/pl\/wp-json\/wp\/v2\/comments?post=4978"}],"wp:featuredmedia":[{"embeddable":true,"href":"https:\/\/santidiving.com\/pl\/wp-json\/wp\/v2\/media\/4952"}],"wp:attachment":[{"href":"https:\/\/santidiving.com\/pl\/wp-json\/wp\/v2\/media?parent=4978"}],"wp:term":[{"taxonomy":"product_brand","embeddable":true,"href":"https:\/\/santidiving.com\/pl\/wp-json\/wp\/v2\/product_brand?post=4978"},{"taxonomy":"product_cat","embeddable":true,"href":"https:\/\/santidiving.com\/pl\/wp-json\/wp\/v2\/product_cat?post=4978"},{"taxonomy":"product_tag","embeddable":true,"href":"https:\/\/santidiving.com\/pl\/wp-json\/wp\/v2\/product_tag?post=4978"}],"curies":[{"name":"wp","href":"https:\/\/api.w.org\/{rel}","templated":true}]}}