{"id":5699,"date":"2024-10-15T13:31:51","date_gmt":"2024-10-15T11:31:52","guid":{"rendered":"https:\/\/santidiving.com\/?post_type=product&#038;p=5699"},"modified":"2025-08-25T08:13:11","modified_gmt":"2025-08-25T06:13:11","slug":"flex360-2","status":"publish","type":"product","link":"https:\/\/santidiving.com\/pl\/produkt\/flex360-2\/","title":{"rendered":"Kurtka Flex360"},"content":{"rendered":"<p>Modna kurtka, wykonana z PrimaLoft\u00ae Gold Insulation w przedniej i tylnej cz\u0119\u015bci, kt\u00f3re zapewniaj\u0105 ochron\u0119 w najbardziej ekstremalnych warunkach. Mikrow\u0142\u00f3kna zatrzymuj\u0105 ciep\u0142o przy ciele, zapewniaj\u0105c jednocze\u015bnie najwy\u017cszy poziom oddychalno\u015bci. Materia\u0142 Flex360 po zewn\u0119trznej stronie r\u0119kawa w po\u0142\u0105czeniu z materia\u0142em Flex180 po wewn\u0119trznej gwarantuj\u0105 najwy\u017csz\u0105 elastyczno\u015b\u0107. Wyb\u00f3r pomi\u0119dzy ciep\u0142em a wygod\u0105 nie jest ju\u017c konieczny.<\/p>\n<p>Od teraz id\u0105 one w parze.<\/p>\n<p>&nbsp;<\/p>\n<p>&nbsp;<\/p>\n","protected":false},"excerpt":{"rendered":"<p><strong>Parametry:<\/strong><\/p>\n<ul>\n<li>kombinacja materia\u0142\u00f3w dociepleniowych SANTI Flex180 i Flex360 oraz Primaloft Gold Insulation,<\/li>\n<li>gramatura: 180g\/m2, 360g\/m2,<\/li>\n<\/ul>\n<p>&nbsp;<\/p>\n<p><strong>Szczeg\u00f3\u0142y:<\/strong><\/p>\n<ul>\n<li>2 kieszenie boczne,<\/li>\n<li>2 kieszenie wewn\u0119trzne,<\/li>\n<li>1 podw\u00f3jna kiesze\u0144 piersiowa zamykana na suwak,<\/li>\n<li>1-stronny suwak z przodu,<\/li>\n<li>mi\u0119kkie, elastyczne mankiety z otworami na kciuki,<\/li>\n<li>oddychaj\u0105cy,wiatroodporny i wodoodporny,<\/li>\n<li>szybkoschn\u0105cy,<\/li>\n<li>wysokie parametry termiczne bez nadmiernej obj\u0119to\u015bci.<\/li>\n<\/ul>\n<p>&nbsp;<\/p>\n","protected":false},"featured_media":5690,"comment_status":"open","ping_status":"closed","template":"","meta":{"_acf_changed":false,"inline_featured_image":false},"product_brand":[],"product_cat":[168,168,138,138],"product_tag":[],"class_list":{"0":"post-5699","1":"product","2":"type-product","3":"status-publish","4":"has-post-thumbnail","6":"product_cat-kurtki","8":"product_cat-kurtki-meskie","11":"first","12":"outofstock","13":"shipping-taxable","14":"product-type-variable","15":"wvs-archive-product-wrapper"},"acf":[],"_links":{"self":[{"href":"https:\/\/santidiving.com\/pl\/wp-json\/wp\/v2\/product\/5699","targetHints":{"allow":["GET"]}}],"collection":[{"href":"https:\/\/santidiving.com\/pl\/wp-json\/wp\/v2\/product"}],"about":[{"href":"https:\/\/santidiving.com\/pl\/wp-json\/wp\/v2\/types\/product"}],"replies":[{"embeddable":true,"href":"https:\/\/santidiving.com\/pl\/wp-json\/wp\/v2\/comments?post=5699"}],"wp:featuredmedia":[{"embeddable":true,"href":"https:\/\/santidiving.com\/pl\/wp-json\/wp\/v2\/media\/5690"}],"wp:attachment":[{"href":"https:\/\/santidiving.com\/pl\/wp-json\/wp\/v2\/media?parent=5699"}],"wp:term":[{"taxonomy":"product_brand","embeddable":true,"href":"https:\/\/santidiving.com\/pl\/wp-json\/wp\/v2\/product_brand?post=5699"},{"taxonomy":"product_cat","embeddable":true,"href":"https:\/\/santidiving.com\/pl\/wp-json\/wp\/v2\/product_cat?post=5699"},{"taxonomy":"product_tag","embeddable":true,"href":"https:\/\/santidiving.com\/pl\/wp-json\/wp\/v2\/product_tag?post=5699"}],"curies":[{"name":"wp","href":"https:\/\/api.w.org\/{rel}","templated":true}]}}