{"id":5749,"date":"2024-10-15T14:16:10","date_gmt":"2024-10-15T12:16:10","guid":{"rendered":"https:\/\/santidiving.com\/product\/changingmat\/"},"modified":"2025-05-26T15:29:04","modified_gmt":"2025-05-26T13:29:04","slug":"changingmat","status":"publish","type":"product","link":"https:\/\/santidiving.com\/pl\/produkt\/changingmat\/","title":{"rendered":"Mata do przebierania"},"content":{"rendered":"<p>Mata do przebierania Santi to\u00a0 niezwykle u\u017cyteczny dodatek do wyprawy ka\u017cdego nurka, zapewniaj\u0105c komfortowe miejsce na przebranie, a jednocze\u015bnie jest niezwykle \u0142atwa do spakowania. Wykonana z tego samego wytrzyma\u0142ego materia\u0142u co torba na skafander Stay Dry Santi, wzmocniona, oraz ocieplana wewn\u0105trz.<\/p>\n<p>Bardzo \u0142atwa w czyszczeniu.<\/p>\n<p>W po\u0142owie kr\u00f3tszego boku, mata posiada przeszycie u\u0142atwiaj\u0105ce zginanie i dopasowanie do dna torby Stay Dry.<\/p>\n<p>&nbsp;<\/p>\n","protected":false},"excerpt":{"rendered":"<p><strong>Specyfikacja:<\/strong><\/p>\n<ul>\n<li>wymiary maty: 70 cm x 59,5 cm<\/li>\n<li>ocieplona<\/li>\n<li>wzmocniona<\/li>\n<li>materia\u0142: wierzch 100% poliester, sp\u00f3d 100% PVC<\/li>\n<\/ul>\n","protected":false},"featured_media":5748,"comment_status":"closed","ping_status":"closed","template":"","meta":{"_acf_changed":false,"inline_featured_image":false},"product_brand":[],"product_cat":[127,127],"product_tag":[],"class_list":{"0":"post-5749","1":"product","2":"type-product","3":"status-publish","4":"has-post-thumbnail","6":"product_cat-akcesoria","9":"first","10":"instock","11":"purchasable","12":"product-type-simple"},"acf":[],"_links":{"self":[{"href":"https:\/\/santidiving.com\/pl\/wp-json\/wp\/v2\/product\/5749","targetHints":{"allow":["GET"]}}],"collection":[{"href":"https:\/\/santidiving.com\/pl\/wp-json\/wp\/v2\/product"}],"about":[{"href":"https:\/\/santidiving.com\/pl\/wp-json\/wp\/v2\/types\/product"}],"replies":[{"embeddable":true,"href":"https:\/\/santidiving.com\/pl\/wp-json\/wp\/v2\/comments?post=5749"}],"wp:featuredmedia":[{"embeddable":true,"href":"https:\/\/santidiving.com\/pl\/wp-json\/wp\/v2\/media\/5748"}],"wp:attachment":[{"href":"https:\/\/santidiving.com\/pl\/wp-json\/wp\/v2\/media?parent=5749"}],"wp:term":[{"taxonomy":"product_brand","embeddable":true,"href":"https:\/\/santidiving.com\/pl\/wp-json\/wp\/v2\/product_brand?post=5749"},{"taxonomy":"product_cat","embeddable":true,"href":"https:\/\/santidiving.com\/pl\/wp-json\/wp\/v2\/product_cat?post=5749"},{"taxonomy":"product_tag","embeddable":true,"href":"https:\/\/santidiving.com\/pl\/wp-json\/wp\/v2\/product_tag?post=5749"}],"curies":[{"name":"wp","href":"https:\/\/api.w.org\/{rel}","templated":true}]}}