{"id":6292,"date":"2024-11-04T08:58:04","date_gmt":"2024-11-04T07:58:04","guid":{"rendered":"https:\/\/santidiving.com\/product\/all-seas-on-hoodie\/"},"modified":"2025-05-26T15:09:31","modified_gmt":"2025-05-26T13:09:31","slug":"bluza-all-seas-on","status":"publish","type":"product","link":"https:\/\/santidiving.com\/pl\/produkt\/bluza-all-seas-on\/","title":{"rendered":"Bluza All Seas-on"},"content":{"rendered":"<p>Bluza Santi All S-on unisex\u2014 zaprojektowana, aby zapewni\u0107 Ci ciep\u0142o i komfort, niezale\u017cnie od tego, czy jeste\u015b na \u0142odzi nurkowej, odpoczywasz mi\u0119dzy nurkowaniami, czy sp\u0119dzasz dzie\u0144 na co dzie\u0144. Wykonana z wysokiej jako\u015bci, czarnego materia\u0142u, ta bluza jest idealna zar\u00f3wno na ka\u017cd\u0105 przygod\u0119 na \u015bwie\u017cym powietrzu, jak i do codziennego u\u017cytku.<\/p>\n<p><strong>Design:<\/strong><br \/>\nElegancka czarna tkanina, wykonana z mi\u0119kkiego i trwa\u0142ego materia\u0142u, jest uzupe\u0142niona stylowym wzorem na plecach oraz subtelnymi, ale charakterystycznymi elementami marki Santi. Wszystkie nadruki s\u0105 odblaskowe.<\/p>\n<p>Ciep\u0142a, stylowa i praktyczna \u2014 idealny towarzysz podczas przerw mi\u0119dzy nurkowaniami lub do codziennego u\u017cytku.<\/p>\n","protected":false},"excerpt":{"rendered":"<p><strong>Funkcjonalno\u015b\u0107:<\/strong><\/p>\n<ul>\n<li>polarowa bluza zapinana na suwak<\/li>\n<li>wysoki ko\u0142nierz zapewniaj\u0105cy dodatkowe ciep\u0142o,<\/li>\n<li>kaptur z daszkiem dla dodatkowej ochrony,<\/li>\n<li>przemy\u015blany system kieszeni: trzy przednie kieszenie, w tym jedna na piersi zapinana na suwak, oraz dodatkowa kiesze\u0144 wewn\u0119trzna na suwak, aby bezpiecznie przechowywa\u0107 najwa\u017cniejsze rzeczy.<\/li>\n<\/ul>\n<p><strong>\u00a0<\/strong><\/p>\n<p><strong>Gramatura:<\/strong> 340 g\/m\u00b2<\/p>\n<p><strong>Composition:<\/strong> 90% bawe\u0142na \/ 10% poliester<\/p>\n","protected":false},"featured_media":6276,"comment_status":"open","ping_status":"closed","template":"","meta":{"_acf_changed":false,"inline_featured_image":false},"product_brand":[],"product_cat":[167,131,167,131,137,137],"product_tag":[],"class_list":{"0":"post-6292","1":"product","2":"type-product","3":"status-publish","4":"has-post-thumbnail","6":"product_cat-bluzy","7":"product_cat-bluzy-damskie","10":"product_cat-bluzy-meskie","13":"first","14":"instock","15":"shipping-taxable","16":"purchasable","17":"product-type-variable","18":"wvs-archive-product-wrapper"},"acf":[],"_links":{"self":[{"href":"https:\/\/santidiving.com\/pl\/wp-json\/wp\/v2\/product\/6292","targetHints":{"allow":["GET"]}}],"collection":[{"href":"https:\/\/santidiving.com\/pl\/wp-json\/wp\/v2\/product"}],"about":[{"href":"https:\/\/santidiving.com\/pl\/wp-json\/wp\/v2\/types\/product"}],"replies":[{"embeddable":true,"href":"https:\/\/santidiving.com\/pl\/wp-json\/wp\/v2\/comments?post=6292"}],"wp:featuredmedia":[{"embeddable":true,"href":"https:\/\/santidiving.com\/pl\/wp-json\/wp\/v2\/media\/6276"}],"wp:attachment":[{"href":"https:\/\/santidiving.com\/pl\/wp-json\/wp\/v2\/media?parent=6292"}],"wp:term":[{"taxonomy":"product_brand","embeddable":true,"href":"https:\/\/santidiving.com\/pl\/wp-json\/wp\/v2\/product_brand?post=6292"},{"taxonomy":"product_cat","embeddable":true,"href":"https:\/\/santidiving.com\/pl\/wp-json\/wp\/v2\/product_cat?post=6292"},{"taxonomy":"product_tag","embeddable":true,"href":"https:\/\/santidiving.com\/pl\/wp-json\/wp\/v2\/product_tag?post=6292"}],"curies":[{"name":"wp","href":"https:\/\/api.w.org\/{rel}","templated":true}]}}