{"id":6428,"date":"2024-11-13T10:09:22","date_gmt":"2024-11-13T09:09:22","guid":{"rendered":"https:\/\/santidiving.com\/product\/santi-exclusive-suche-rekawice\/"},"modified":"2025-05-26T15:07:46","modified_gmt":"2025-05-26T13:07:46","slug":"santi-exclusive-suche-rekawice","status":"publish","type":"product","link":"https:\/\/santidiving.com\/pl\/produkt\/santi-exclusive-suche-rekawice\/","title":{"rendered":"Santi Exclusive R\u0119kawice Suche"},"content":{"rendered":"<div dir=\"auto\">Wykonane specjalnie dla SANTI.<\/div>\n<div dir=\"auto\">Lepsze dopasowanie. D\u0142ugo\u015b\u0107 i grubo\u015b\u0107 palc\u00f3w zosta\u0142y dopracowane, aby pasowa\u0142y do r\u00f3\u017cnych grubo\u015bci r\u0119kawic nurkowych. Grubo\u015b\u0107 naturalnego lateksu zosta\u0142a delikatnie zmniejszona, co czyni r\u0119kawice wyj\u0105tkowo wygodnymi, ale wci\u0105\u017c bezpiecznymi i odpornymi na \u015bcieranie.<\/div>\n<div dir=\"auto\"><\/div>\n","protected":false},"excerpt":{"rendered":"<ul>\n<li>Rozmiar: XS-XXL<\/li>\n<li>100% latex<\/li>\n<li>Gwarancja na 6 miesi\u0119cy<\/li>\n<\/ul>\n","protected":false},"featured_media":6427,"comment_status":"open","ping_status":"closed","template":"","meta":{"_acf_changed":false,"inline_featured_image":false},"product_brand":[],"product_cat":[127,127],"product_tag":[],"class_list":{"0":"post-6428","1":"product","2":"type-product","3":"status-publish","4":"has-post-thumbnail","6":"product_cat-akcesoria","9":"first","10":"instock","11":"shipping-taxable","12":"purchasable","13":"product-type-variable","14":"wvs-archive-product-wrapper"},"acf":[],"_links":{"self":[{"href":"https:\/\/santidiving.com\/pl\/wp-json\/wp\/v2\/product\/6428","targetHints":{"allow":["GET"]}}],"collection":[{"href":"https:\/\/santidiving.com\/pl\/wp-json\/wp\/v2\/product"}],"about":[{"href":"https:\/\/santidiving.com\/pl\/wp-json\/wp\/v2\/types\/product"}],"replies":[{"embeddable":true,"href":"https:\/\/santidiving.com\/pl\/wp-json\/wp\/v2\/comments?post=6428"}],"wp:featuredmedia":[{"embeddable":true,"href":"https:\/\/santidiving.com\/pl\/wp-json\/wp\/v2\/media\/6427"}],"wp:attachment":[{"href":"https:\/\/santidiving.com\/pl\/wp-json\/wp\/v2\/media?parent=6428"}],"wp:term":[{"taxonomy":"product_brand","embeddable":true,"href":"https:\/\/santidiving.com\/pl\/wp-json\/wp\/v2\/product_brand?post=6428"},{"taxonomy":"product_cat","embeddable":true,"href":"https:\/\/santidiving.com\/pl\/wp-json\/wp\/v2\/product_cat?post=6428"},{"taxonomy":"product_tag","embeddable":true,"href":"https:\/\/santidiving.com\/pl\/wp-json\/wp\/v2\/product_tag?post=6428"}],"curies":[{"name":"wp","href":"https:\/\/api.w.org\/{rel}","templated":true}]}}