{"id":6909,"date":"2024-12-10T08:55:31","date_gmt":"2024-12-10T07:55:31","guid":{"rendered":"https:\/\/santidiving.com\/product\/oficjalny-t-shirt-tbaltictech-2024\/"},"modified":"2025-05-26T15:11:07","modified_gmt":"2025-05-26T13:11:07","slug":"oficjalny-t-shirt-tbaltictech-2024","status":"publish","type":"product","link":"https:\/\/santidiving.com\/pl\/produkt\/oficjalny-t-shirt-tbaltictech-2024\/","title":{"rendered":"Oficjalny t-shirt Baltictech 2024"},"content":{"rendered":"<p>Polecamy zakup pami\u0105tkowej koszulki z konferencji nurk\u00f3w technicznych Baltictech 2024.<\/p>\n<ul>Zakup koszulki wspiera dzia\u0142alno\u015b\u0107 Stowarzyszenia Baltictech, kt\u00f3re czynnie promuje Ba\u0142tyk jako najciekawsze miejsce do nurkowania wrakowego na \u015bwiecie oraz lobbuje na rzecz wi\u0119kszej dost\u0119pno\u015bci wrak\u00f3w dla spo\u0142eczno\u015bci nurkowej.<\/ul>\n","protected":false},"excerpt":{"rendered":"<ul>\n<li>Single Jersey<\/li>\n<li>100 % bawe\u0142a<\/li>\n<li>wyko\u0144czenie silikonowe<\/li>\n<\/ul>\n","protected":false},"featured_media":6899,"comment_status":"closed","ping_status":"closed","template":"","meta":{"_acf_changed":false,"inline_featured_image":false},"product_brand":[],"product_cat":[140,140,170,170],"product_tag":[],"class_list":{"0":"post-6909","1":"product","2":"type-product","3":"status-publish","4":"has-post-thumbnail","6":"product_cat-t-shirty-meskie","8":"product_cat-t-shirty","11":"first","12":"instock","13":"purchasable","14":"product-type-variable","15":"wvs-archive-product-wrapper"},"acf":[],"_links":{"self":[{"href":"https:\/\/santidiving.com\/pl\/wp-json\/wp\/v2\/product\/6909","targetHints":{"allow":["GET"]}}],"collection":[{"href":"https:\/\/santidiving.com\/pl\/wp-json\/wp\/v2\/product"}],"about":[{"href":"https:\/\/santidiving.com\/pl\/wp-json\/wp\/v2\/types\/product"}],"replies":[{"embeddable":true,"href":"https:\/\/santidiving.com\/pl\/wp-json\/wp\/v2\/comments?post=6909"}],"wp:featuredmedia":[{"embeddable":true,"href":"https:\/\/santidiving.com\/pl\/wp-json\/wp\/v2\/media\/6899"}],"wp:attachment":[{"href":"https:\/\/santidiving.com\/pl\/wp-json\/wp\/v2\/media?parent=6909"}],"wp:term":[{"taxonomy":"product_brand","embeddable":true,"href":"https:\/\/santidiving.com\/pl\/wp-json\/wp\/v2\/product_brand?post=6909"},{"taxonomy":"product_cat","embeddable":true,"href":"https:\/\/santidiving.com\/pl\/wp-json\/wp\/v2\/product_cat?post=6909"},{"taxonomy":"product_tag","embeddable":true,"href":"https:\/\/santidiving.com\/pl\/wp-json\/wp\/v2\/product_tag?post=6909"}],"curies":[{"name":"wp","href":"https:\/\/api.w.org\/{rel}","templated":true}]}}